{"id":946,"date":"2018-10-11T11:48:49","date_gmt":"2018-10-11T09:48:49","guid":{"rendered":"http:\/\/fg.bsg.tu-berlin.de\/?page_id=946"},"modified":"2018-10-11T11:48:49","modified_gmt":"2018-10-11T09:48:49","slug":"veranstaltungen-archiv","status":"publish","type":"page","link":"https:\/\/fg.bsg.tu-berlin.de\/en\/veranstaltungen-archiv\/","title":{"rendered":"Veranstaltungen- Archiv"},"content":{"rendered":"<section class=\"fw-main-row fw-section-no-padding\"\n\t\t style=\" \" >\n\t<div class=\"fw-container\">\n\t\t<div class=\"fw-row\">\n\t<div class=\"fw-col-sm-12\">\n\t<div class=\"fw-col-inner\">\n\t\t<div class=\"fw-divider-space  space-sm clearfix\"  ><\/div>\t<\/div>\n<\/div><\/div>\n\n<div class=\"fw-row\">\n\t<div class=\"fw-col-sm-12\">\n\t<div class=\"fw-col-inner\">\n\t\t<div class=\"fw-shortcode-post-section\">\n\t\t<div class=\"latest-posts lp-type8 clearfix\">\n\t\t\t\t\t<div class=\"col-md-12\">\n\t\t\t\t<div class=\"lp-category-name-wrap\">\n\t\t\t\t\t<h2 class=\"lp-category-name\">Veranstaltungen - Archiv<\/h2>\n\t\t\t\t<\/div>\n\t\t\t<\/div>\n\t\t\t\t<div class=\"lp-content clearfix\">\n\t\t\t\t\t\t\t<div class=\"col-md-4 col-sm-4 col-xs-6\">\n\t\t\t\t\t<div class=\"lp-item\">\n\t\t\t\t\t\t\t\t\t\t\t\t\t<a href=\"https:\/\/fg.bsg.tu-berlin.de\/en\/berliner-architektinnen-oral-history-2\/\" class=\"lp-all-content-wrap\">\n\t\t\t\t\t\t\t\t<img width=\"1200\" height=\"900\" src=\"https:\/\/fg.bsg.tu-berlin.de\/wp-content\/uploads\/2021\/06\/Berliner-Architektinnen-Oral-History-2021-page-002-3.jpg\" class=\"attachment-post-thumbnail size-post-thumbnail wp-post-image\" alt=\"\" loading=\"lazy\" srcset=\"https:\/\/fg.bsg.tu-berlin.de\/wp-content\/uploads\/2021\/06\/Berliner-Architektinnen-Oral-History-2021-page-002-3.jpg 1200w, https:\/\/fg.bsg.tu-berlin.de\/wp-content\/uploads\/2021\/06\/Berliner-Architektinnen-Oral-History-2021-page-002-3-300x225.jpg 300w, https:\/\/fg.bsg.tu-berlin.de\/wp-content\/uploads\/2021\/06\/Berliner-Architektinnen-Oral-History-2021-page-002-3-768x576.jpg 768w, https:\/\/fg.bsg.tu-berlin.de\/wp-content\/uploads\/2021\/06\/Berliner-Architektinnen-Oral-History-2021-page-002-3-16x12.jpg 16w, https:\/\/fg.bsg.tu-berlin.de\/wp-content\/uploads\/2021\/06\/Berliner-Architektinnen-Oral-History-2021-page-002-3-393x295.jpg 393w, https:\/\/fg.bsg.tu-berlin.de\/wp-content\/uploads\/2021\/06\/Berliner-Architektinnen-Oral-History-2021-page-002-3-786x590.jpg 786w\" sizes=\"(max-width: 1200px) 100vw, 1200px\" \/>\n\t\t\t\t\t\t\t\t<div class=\"lp-item-content\">\n\t\t\t\t\t\t\t\t\t<div class=\"fw-itable\">\n\t\t\t\t\t\t\t\t\t\t<div class=\"fw-icell\">\n\t\t\t\t\t\t\t\t\t\t\t<h4 class=\"lp-title\">Berliner Architekt*innen. Oral History<\/h4>\n\t\t\t\t\t\t\t\t\t\t\t<div class=\"lp-text\">\n\t\t\t\t\t\t\t\t\t\t\t\t<p>Publikation im Rahmen der Ausstellung [FRAU] ARCHITEKT*IN, 3. Juni \u2013 8. Juli 2021, Reuse-Pavillon, Berlin Wie gestalten Architektinnen ihre Berufswege?Auf welche Stereotypen und Diskriminierungen sto\u00dfen sie dabei nach wie vor? Wie ver\u00e4ndert sich das Berufsbild der Architektin und des Architekten durch die st\u00e4rker werdende Pr\u00e4senz von Frauen insgesamt, und wie viel gibt es noch zu [\u2026]<\/p>\n\t\t\t\t\t\t\t\t\t\t\t<\/div>\n\t\t\t\t\t\t\t\t\t\t<\/div>\n\t\t\t\t\t\t\t\t\t<\/div>\n\t\t\t\t\t\t\t\t<\/div>\n\t\t\t\t\t\t\t<\/a>\n\t\t\t\t\t\t\t\t\t\t\t<\/div>\n\t\t\t\t<\/div>\n\t\t\t\t\t\t\t<div class=\"col-md-4 col-sm-4 col-xs-6\">\n\t\t\t\t\t<div class=\"lp-item\">\n\t\t\t\t\t\t\t\t\t\t\t\t\t<a href=\"https:\/\/fg.bsg.tu-berlin.de\/en\/home-strange-home\/\" class=\"lp-all-content-wrap\">\n\t\t\t\t\t\t\t\t<img width=\"1200\" height=\"900\" src=\"https:\/\/fg.bsg.tu-berlin.de\/wp-content\/uploads\/2021\/06\/HomeStrangeHome_1200x900.jpg\" class=\"attachment-post-thumbnail size-post-thumbnail wp-post-image\" alt=\"\" loading=\"lazy\" srcset=\"https:\/\/fg.bsg.tu-berlin.de\/wp-content\/uploads\/2021\/06\/HomeStrangeHome_1200x900.jpg 1200w, https:\/\/fg.bsg.tu-berlin.de\/wp-content\/uploads\/2021\/06\/HomeStrangeHome_1200x900-300x225.jpg 300w, https:\/\/fg.bsg.tu-berlin.de\/wp-content\/uploads\/2021\/06\/HomeStrangeHome_1200x900-768x576.jpg 768w, https:\/\/fg.bsg.tu-berlin.de\/wp-content\/uploads\/2021\/06\/HomeStrangeHome_1200x900-16x12.jpg 16w, https:\/\/fg.bsg.tu-berlin.de\/wp-content\/uploads\/2021\/06\/HomeStrangeHome_1200x900-393x295.jpg 393w, https:\/\/fg.bsg.tu-berlin.de\/wp-content\/uploads\/2021\/06\/HomeStrangeHome_1200x900-786x590.jpg 786w\" sizes=\"(max-width: 1200px) 100vw, 1200px\" \/>\n\t\t\t\t\t\t\t\t<div class=\"lp-item-content\">\n\t\t\t\t\t\t\t\t\t<div class=\"fw-itable\">\n\t\t\t\t\t\t\t\t\t\t<div class=\"fw-icell\">\n\t\t\t\t\t\t\t\t\t\t\t<h4 class=\"lp-title\">Home Strange Home<\/h4>\n\t\t\t\t\t\t\t\t\t\t\t<div class=\"lp-text\">\n\t\t\t\t\t\t\t\t\t\t\t\t<p>Interactive Digital Survival Lounge Project following Sara Ahmed \u00a0 Enter the interactive Unity World \u201cHome Strange Home\u201d Have a look at an introductory film Homepage \u201cHome Strange Home\u201d \u00a0 El\u00e9onore Hayar, Vani Monjaraz Tec, Selen S\u00f6nmez Student work for the course \u201cInhabiting the Survival Lounge\u201d, Summer Term 2021, Chair for History of Architecture and Urbanism [\u2026]<\/p>\n\t\t\t\t\t\t\t\t\t\t\t<\/div>\n\t\t\t\t\t\t\t\t\t\t<\/div>\n\t\t\t\t\t\t\t\t\t<\/div>\n\t\t\t\t\t\t\t\t<\/div>\n\t\t\t\t\t\t\t<\/a>\n\t\t\t\t\t\t\t\t\t\t\t<\/div>\n\t\t\t\t<\/div>\n\t\t\t\t\t\t\t<div class=\"col-md-4 col-sm-4 col-xs-6\">\n\t\t\t\t\t<div class=\"lp-item\">\n\t\t\t\t\t\t\t\t\t\t\t\t\t<a href=\"https:\/\/fg.bsg.tu-berlin.de\/en\/ausstellung-frau-architektin\/\" class=\"lp-all-content-wrap\">\n\t\t\t\t\t\t\t\t<img width=\"1200\" height=\"900\" src=\"https:\/\/fg.bsg.tu-berlin.de\/wp-content\/uploads\/2021\/05\/frau-arch-cover-2.png\" class=\"attachment-post-thumbnail size-post-thumbnail wp-post-image\" alt=\"\" loading=\"lazy\" srcset=\"https:\/\/fg.bsg.tu-berlin.de\/wp-content\/uploads\/2021\/05\/frau-arch-cover-2.png 1200w, https:\/\/fg.bsg.tu-berlin.de\/wp-content\/uploads\/2021\/05\/frau-arch-cover-2-300x225.png 300w, https:\/\/fg.bsg.tu-berlin.de\/wp-content\/uploads\/2021\/05\/frau-arch-cover-2-768x576.png 768w, https:\/\/fg.bsg.tu-berlin.de\/wp-content\/uploads\/2021\/05\/frau-arch-cover-2-16x12.png 16w, https:\/\/fg.bsg.tu-berlin.de\/wp-content\/uploads\/2021\/05\/frau-arch-cover-2-393x295.png 393w, https:\/\/fg.bsg.tu-berlin.de\/wp-content\/uploads\/2021\/05\/frau-arch-cover-2-786x590.png 786w\" sizes=\"(max-width: 1200px) 100vw, 1200px\" \/>\n\t\t\t\t\t\t\t\t<div class=\"lp-item-content\">\n\t\t\t\t\t\t\t\t\t<div class=\"fw-itable\">\n\t\t\t\t\t\t\t\t\t\t<div class=\"fw-icell\">\n\t\t\t\t\t\t\t\t\t\t\t<h4 class=\"lp-title\">AUSSTELLUNG [FRAU] ARCHITEKT*IN<\/h4>\n\t\t\t\t\t\t\t\t\t\t\t<div class=\"lp-text\">\n\t\t\t\t\t\t\t\t\t\t\t\t<p>AUSSTELLUNG [FRAU] ARCHITEKT*IN \u00a0 Die Architektenkammer Berlin, das Institut f\u00fcr Architektur der TU Berlin und das Architekturmuseum der TU Berlin zeigen die Video-Lounge \u201eFRAU ARCHITEKT\u201c des Deutschen Architekturmuseums Frankfurt (DAM), die Survival Lounge nach Sara Ahmed, das Projekt \u201eBerliner Architektinnen: Oral History\u201c, ausgew\u00e4hlte Diplomandinnen-Arbeiten aus den Jahren 1950-70, die fem*MAP BERLIN und die Ausstellung \u201eQueens [\u2026]<\/p>\n\t\t\t\t\t\t\t\t\t\t\t<\/div>\n\t\t\t\t\t\t\t\t\t\t<\/div>\n\t\t\t\t\t\t\t\t\t<\/div>\n\t\t\t\t\t\t\t\t<\/div>\n\t\t\t\t\t\t\t<\/a>\n\t\t\t\t\t\t\t\t\t\t\t<\/div>\n\t\t\t\t<\/div>\n\t\t\t\t\t\t\t<div class=\"col-md-4 col-sm-4 col-xs-6\">\n\t\t\t\t\t<div class=\"lp-item\">\n\t\t\t\t\t\t\t\t\t\t\t\t\t<a href=\"https:\/\/fg.bsg.tu-berlin.de\/en\/survival-lounge-following-sara-ahmed\/\" class=\"lp-all-content-wrap\">\n\t\t\t\t\t\t\t\t<img width=\"1200\" height=\"900\" src=\"https:\/\/fg.bsg.tu-berlin.de\/wp-content\/uploads\/2021\/05\/SVVL_1200x900.jpg\" class=\"attachment-post-thumbnail size-post-thumbnail wp-post-image\" alt=\"\" loading=\"lazy\" srcset=\"https:\/\/fg.bsg.tu-berlin.de\/wp-content\/uploads\/2021\/05\/SVVL_1200x900.jpg 1200w, https:\/\/fg.bsg.tu-berlin.de\/wp-content\/uploads\/2021\/05\/SVVL_1200x900-300x225.jpg 300w, https:\/\/fg.bsg.tu-berlin.de\/wp-content\/uploads\/2021\/05\/SVVL_1200x900-768x576.jpg 768w, https:\/\/fg.bsg.tu-berlin.de\/wp-content\/uploads\/2021\/05\/SVVL_1200x900-16x12.jpg 16w, https:\/\/fg.bsg.tu-berlin.de\/wp-content\/uploads\/2021\/05\/SVVL_1200x900-393x295.jpg 393w, https:\/\/fg.bsg.tu-berlin.de\/wp-content\/uploads\/2021\/05\/SVVL_1200x900-786x590.jpg 786w\" sizes=\"(max-width: 1200px) 100vw, 1200px\" \/>\n\t\t\t\t\t\t\t\t<div class=\"lp-item-content\">\n\t\t\t\t\t\t\t\t\t<div class=\"fw-itable\">\n\t\t\t\t\t\t\t\t\t\t<div class=\"fw-icell\">\n\t\t\t\t\t\t\t\t\t\t\t<h4 class=\"lp-title\">Survival Lounge following Sara Ahmed<\/h4>\n\t\t\t\t\t\t\t\t\t\t\t<div class=\"lp-text\">\n\t\t\t\t\t\t\t\t\t\t\t\t<p>The Survival Lounge is part of the exhibition [FRAU] ARCHITEKT*IN, organised by the Berlin Chamber of Architects, the Institute of Architecture (TU Berlin) and the Architekturmuseum (TU Berlin) in cooperation with BHROX bauhaus reuse, Ernst-Reuter-Platz. \u00a0 [FRAU] ARCHITEKT*IN can be seen from 3 June to 8 July 2021 at the bauhaus reuse Pavillon, Ernst-Reuter-Platz, Berlin. [\u2026]<\/p>\n\t\t\t\t\t\t\t\t\t\t\t<\/div>\n\t\t\t\t\t\t\t\t\t\t<\/div>\n\t\t\t\t\t\t\t\t\t<\/div>\n\t\t\t\t\t\t\t\t<\/div>\n\t\t\t\t\t\t\t<\/a>\n\t\t\t\t\t\t\t\t\t\t\t<\/div>\n\t\t\t\t<\/div>\n\t\t\t\t\t\t\t<div class=\"col-md-4 col-sm-4 col-xs-6\">\n\t\t\t\t\t<div class=\"lp-item\">\n\t\t\t\t\t\t\t\t\t\t\t\t\t<a href=\"https:\/\/fg.bsg.tu-berlin.de\/en\/ausstellungsankuendigung\/\" class=\"lp-all-content-wrap\">\n\t\t\t\t\t\t\t\t<img width=\"1200\" height=\"900\" src=\"https:\/\/fg.bsg.tu-berlin.de\/wp-content\/uploads\/2019\/06\/jbnk.jpg\" class=\"attachment-post-thumbnail size-post-thumbnail wp-post-image\" alt=\"\" loading=\"lazy\" srcset=\"https:\/\/fg.bsg.tu-berlin.de\/wp-content\/uploads\/2019\/06\/jbnk.jpg 1200w, https:\/\/fg.bsg.tu-berlin.de\/wp-content\/uploads\/2019\/06\/jbnk-300x225.jpg 300w, https:\/\/fg.bsg.tu-berlin.de\/wp-content\/uploads\/2019\/06\/jbnk-768x576.jpg 768w, https:\/\/fg.bsg.tu-berlin.de\/wp-content\/uploads\/2019\/06\/jbnk-1024x768.jpg 1024w, https:\/\/fg.bsg.tu-berlin.de\/wp-content\/uploads\/2019\/06\/jbnk-393x295.jpg 393w, https:\/\/fg.bsg.tu-berlin.de\/wp-content\/uploads\/2019\/06\/jbnk-786x590.jpg 786w\" sizes=\"(max-width: 1200px) 100vw, 1200px\" \/>\n\t\t\t\t\t\t\t\t<div class=\"lp-item-content\">\n\t\t\t\t\t\t\t\t\t<div class=\"fw-itable\">\n\t\t\t\t\t\t\t\t\t\t<div class=\"fw-icell\">\n\t\t\t\t\t\t\t\t\t\t\t<h4 class=\"lp-title\">Ausstellung: Die humanistischen Grundlagen der modernen Architektur<\/h4>\n\t\t\t\t\t\t\t\t\t\t\t<div class=\"lp-text\">\n\t\t\t\t\t\t\t\t\t\t\t\t<p>Die humanistischen Grundlagen der modernen Architektur \u00a0 Die Ausstellung, Ergebnis der zweiten Geschichtswerkstatt im Wintersemester 2018\/2019, besch\u00e4ftigt sich mit den humanistischen Grundlagen der modernen Architektur und wie diese am Institut f\u00fcr Architektur bzw. seinen Vorl\u00e4ufern verstanden wurden. Humanismus wird dabei in der Traditionslinie der Renaissance verstanden und bezeichnet ein auf das Bildungsideal der griechisch-r\u00f6mischen Antike [\u2026]<\/p>\n\t\t\t\t\t\t\t\t\t\t\t<\/div>\n\t\t\t\t\t\t\t\t\t\t<\/div>\n\t\t\t\t\t\t\t\t\t<\/div>\n\t\t\t\t\t\t\t\t<\/div>\n\t\t\t\t\t\t\t<\/a>\n\t\t\t\t\t\t\t\t\t\t\t<\/div>\n\t\t\t\t<\/div>\n\t\t\t\t\t\t\t<div class=\"col-md-4 col-sm-4 col-xs-6\">\n\t\t\t\t\t<div class=\"lp-item\">\n\t\t\t\t\t\t\t\t\t\t\t\t\t<a href=\"https:\/\/fg.bsg.tu-berlin.de\/en\/1382-2\/\" class=\"lp-all-content-wrap\">\n\t\t\t\t\t\t\t\t<img width=\"1200\" height=\"900\" src=\"https:\/\/fg.bsg.tu-berlin.de\/wp-content\/uploads\/2019\/06\/1.jpg\" class=\"attachment-post-thumbnail size-post-thumbnail wp-post-image\" alt=\"\" loading=\"lazy\" srcset=\"https:\/\/fg.bsg.tu-berlin.de\/wp-content\/uploads\/2019\/06\/1.jpg 1200w, https:\/\/fg.bsg.tu-berlin.de\/wp-content\/uploads\/2019\/06\/1-300x225.jpg 300w, https:\/\/fg.bsg.tu-berlin.de\/wp-content\/uploads\/2019\/06\/1-768x576.jpg 768w, https:\/\/fg.bsg.tu-berlin.de\/wp-content\/uploads\/2019\/06\/1-1024x768.jpg 1024w, https:\/\/fg.bsg.tu-berlin.de\/wp-content\/uploads\/2019\/06\/1-393x295.jpg 393w, https:\/\/fg.bsg.tu-berlin.de\/wp-content\/uploads\/2019\/06\/1-786x590.jpg 786w\" sizes=\"(max-width: 1200px) 100vw, 1200px\" \/>\n\t\t\t\t\t\t\t\t<div class=\"lp-item-content\">\n\t\t\t\t\t\t\t\t\t<div class=\"fw-itable\">\n\t\t\t\t\t\t\t\t\t\t<div class=\"fw-icell\">\n\t\t\t\t\t\t\t\t\t\t\t<h4 class=\"lp-title\">Prof. Dr. Magdalena Droste: 100 Jahre Bauhaus<\/h4>\n\t\t\t\t\t\t\t\t\t\t\t<div class=\"lp-text\">\n\t\t\t\t\t\t\t\t\t\t\t\t<p>Prof. Dr. Magdalena Droste | BTU Cottbus-Senftenberg 100 JAHRE BAUHAUS ARCHITEKTURUNTERRICHT AM BAUHAUS Abstract Der Architekturunterricht an der Kunstschule Bauhaus (1919 \u2013 1933) \u00e4nderte sich dreimal grundlegend. Entscheidend war der Direktorwechsel von Walter Gropius zu Hannes Meyer und schliesslich zu Ludwig Mies van der Rohe. Wie k\u00f6nnen wir die Entwurfstheorien beschreiben? Zahlreiche Arbeiten der Sch\u00fcler [\u2026]<\/p>\n\t\t\t\t\t\t\t\t\t\t\t<\/div>\n\t\t\t\t\t\t\t\t\t\t<\/div>\n\t\t\t\t\t\t\t\t\t<\/div>\n\t\t\t\t\t\t\t\t<\/div>\n\t\t\t\t\t\t\t<\/a>\n\t\t\t\t\t\t\t\t\t\t\t<\/div>\n\t\t\t\t<\/div>\n\t\t\t\t\t<\/div>\n\t<\/div>\n<\/div>\t<\/div>\n<\/div><\/div>\n\n<div class=\"fw-row\">\n\t<div class=\"fw-col-sm-12\">\n\t<div class=\"fw-col-inner\">\n\t\t<div class=\"fw-divider-space  space-md clearfix\"  ><\/div>\t<\/div>\n<\/div><\/div>\n\n\t<\/div>\n<\/section>","protected":false},"excerpt":{"rendered":"<p>Prof. Dr. Magdalena Droste | BTU Cottbus-Senftenberg 100 JAHRE BAUHAUS ARCHITEKTURUNTERRICHT AM BAUHAUS Abstract Der Architekturunterricht an der Kunstschule Bauhaus (1919 \u2013 1933) \u00e4nderte sich dreimal grundlegend. Entscheidend war der Direktorwechsel von Walter Gropius zu Hannes Meyer und schliesslich zu Ludwig Mies van der Rohe. Wie k\u00f6nnen wir die Entwurfstheorien beschreiben? Zahlreiche Arbeiten der Sch\u00fcler [&hellip;]<\/p>","protected":false},"author":1,"featured_media":0,"parent":0,"menu_order":0,"comment_status":"closed","ping_status":"closed","template":"visual-builder-template.php","meta":[],"_links":{"self":[{"href":"https:\/\/fg.bsg.tu-berlin.de\/en\/wp-json\/wp\/v2\/pages\/946"}],"collection":[{"href":"https:\/\/fg.bsg.tu-berlin.de\/en\/wp-json\/wp\/v2\/pages"}],"about":[{"href":"https:\/\/fg.bsg.tu-berlin.de\/en\/wp-json\/wp\/v2\/types\/page"}],"author":[{"embeddable":true,"href":"https:\/\/fg.bsg.tu-berlin.de\/en\/wp-json\/wp\/v2\/users\/1"}],"replies":[{"embeddable":true,"href":"https:\/\/fg.bsg.tu-berlin.de\/en\/wp-json\/wp\/v2\/comments?post=946"}],"version-history":[{"count":2,"href":"https:\/\/fg.bsg.tu-berlin.de\/en\/wp-json\/wp\/v2\/pages\/946\/revisions"}],"predecessor-version":[{"id":948,"href":"https:\/\/fg.bsg.tu-berlin.de\/en\/wp-json\/wp\/v2\/pages\/946\/revisions\/948"}],"wp:attachment":[{"href":"https:\/\/fg.bsg.tu-berlin.de\/en\/wp-json\/wp\/v2\/media?parent=946"}],"curies":[{"name":"wp","href":"https:\/\/api.w.org\/{rel}","templated":true}]}}