{"id":931,"date":"2018-10-11T11:27:34","date_gmt":"2018-10-11T09:27:34","guid":{"rendered":"http:\/\/fg.bsg.tu-berlin.de\/?page_id=931"},"modified":"2018-10-11T11:30:23","modified_gmt":"2018-10-11T09:30:23","slug":"forschung-archiv","status":"publish","type":"page","link":"https:\/\/fg.bsg.tu-berlin.de\/en\/forschung\/forschung-archiv\/","title":{"rendered":"Forschung &#8211; Archiv"},"content":{"rendered":"<p><section class=\"fw-main-row fw-section-no-padding\"\n\t\t style=\" \" >\n\t<div class=\"fw-container\">\n\t\t<div class=\"fw-row\">\n\t<div class=\"fw-col-sm-12\">\n\t<div class=\"fw-col-inner\">\n\t\t<div class=\"fw-divider-space  space-sm clearfix\"  ><\/div>\t<\/div>\n<\/div><\/div>\n\n\t<\/div>\n<\/section><section class=\"fw-main-row-custom fw-section-no-padding\"\n\t\t style=\" \" >\n\t<div class=\"fw-container\">\n\t\t<div class=\"fw-row\">\n\t<div class=\"fw-col-sm-12\">\n\t<div class=\"fw-col-inner\">\n\t\t<div class=\"fw-shortcode-post-section\">\n\t\t<div class=\"latest-posts lp-type8 clearfix\">\n\t\t\t\t\t<div class=\"col-md-12\">\n\t\t\t\t<div class=\"lp-category-name-wrap\">\n\t\t\t\t\t<h2 class=\"lp-category-name\">Forschung - Archiv<\/h2>\n\t\t\t\t<\/div>\n\t\t\t<\/div>\n\t\t\t\t<div class=\"lp-content clearfix\">\n\t\t\t\t\t\t\t<div class=\"col-md-4 col-sm-4 col-xs-6\">\n\t\t\t\t\t<div class=\"lp-item\">\n\t\t\t\t\t\t\t\t\t\t\t\t\t<a href=\"https:\/\/fg.bsg.tu-berlin.de\/en\/ein-hochmittelalterlicher-juedischer-wohn-und-handelskomplex-in-erfurt-und-seine-raumfassung\/\" class=\"lp-all-content-wrap\">\n\t\t\t\t\t\t\t\t<img width=\"1200\" height=\"900\" src=\"https:\/\/fg.bsg.tu-berlin.de\/wp-content\/uploads\/2018\/06\/DSC_2657-Kopie.jpg\" class=\"attachment-post-thumbnail size-post-thumbnail wp-post-image\" alt=\"\" loading=\"lazy\" srcset=\"https:\/\/fg.bsg.tu-berlin.de\/wp-content\/uploads\/2018\/06\/DSC_2657-Kopie.jpg 1200w, https:\/\/fg.bsg.tu-berlin.de\/wp-content\/uploads\/2018\/06\/DSC_2657-Kopie-300x225.jpg 300w, https:\/\/fg.bsg.tu-berlin.de\/wp-content\/uploads\/2018\/06\/DSC_2657-Kopie-768x576.jpg 768w, https:\/\/fg.bsg.tu-berlin.de\/wp-content\/uploads\/2018\/06\/DSC_2657-Kopie-1024x768.jpg 1024w, https:\/\/fg.bsg.tu-berlin.de\/wp-content\/uploads\/2018\/06\/DSC_2657-Kopie-393x295.jpg 393w, https:\/\/fg.bsg.tu-berlin.de\/wp-content\/uploads\/2018\/06\/DSC_2657-Kopie-786x590.jpg 786w\" sizes=\"(max-width: 1200px) 100vw, 1200px\" \/>\n\t\t\t\t\t\t\t\t<div class=\"lp-item-content\">\n\t\t\t\t\t\t\t\t\t<div class=\"fw-itable\">\n\t\t\t\t\t\t\t\t\t\t<div class=\"fw-icell\">\n\t\t\t\t\t\t\t\t\t\t\t<h4 class=\"lp-title\">Ein hochmittelalterlicher j\u00fcdischer Wohn- und Handelskomplex in Erfurt und seine Raumfassung<\/h4>\n\t\t\t\t\t\t\t\t\t\t\t<div class=\"lp-text\">\n\t\t\t\t\t\t\t\t\t\t\t\t<p>Antragsteller: Dr.-Ing. habil. Barbara Perlich (TU Berlin), Prof. Christoph Merzenich (FH Erfurt) F\u00f6rderung: DFG Laufzeit: 2015-2018 Kooperationspartner: Hochschule f\u00fcr j\u00fcdische Studien Heidelberg (Prof. Annette Weber), Th\u00fcringisches Landesamt f\u00fcr Denkmalpflege und Arch\u00e4ologie (Dr. Thomas Nitz), Stadt Erfurt (Dr. Maria St\u00fcrzebecher) Beteiligt: Julia Hurlbeck (Restauratorin M.A., FH Erfurt), Dr. Katrin Kessler (TU Berlin), Dr. Simon Paulus (TU [\u2026]<\/p>\n\t\t\t\t\t\t\t\t\t\t\t<\/div>\n\t\t\t\t\t\t\t\t\t\t<\/div>\n\t\t\t\t\t\t\t\t\t<\/div>\n\t\t\t\t\t\t\t\t<\/div>\n\t\t\t\t\t\t\t<\/a>\n\t\t\t\t\t\t\t\t\t\t\t<\/div>\n\t\t\t\t<\/div>\n\t\t\t\t\t<\/div>\n\t<\/div>\n<\/div>\t<\/div>\n<\/div><\/div>\n\n\t<\/div>\n<\/section><section class=\"fw-main-row fw-section-no-padding\"\n\t\t style=\" \" >\n\t<div class=\"fw-container\">\n\t\t<div class=\"fw-row\">\n\t<div class=\"fw-col-sm-12\">\n\t<div class=\"fw-col-inner\">\n\t\t<div class=\"fw-divider-space  space-md clearfix\"  ><\/div>\t<\/div>\n<\/div><\/div>\n\n\t<\/div>\n<\/section><\/p>","protected":false},"excerpt":{"rendered":"<p>Antragsteller: Dr.-Ing. habil. Barbara Perlich (TU Berlin), Prof. Christoph Merzenich (FH Erfurt) F\u00f6rderung: DFG Laufzeit: 2015-2018 Kooperationspartner: Hochschule f\u00fcr j\u00fcdische Studien Heidelberg (Prof. Annette Weber), Th\u00fcringisches Landesamt f\u00fcr Denkmalpflege und Arch\u00e4ologie (Dr. Thomas Nitz), Stadt Erfurt (Dr. Maria St\u00fcrzebecher) Beteiligt: Julia Hurlbeck (Restauratorin M.A., FH Erfurt), Dr. Katrin Kessler (TU Berlin), Dr. Simon Paulus (TU [&hellip;]<\/p>","protected":false},"author":1,"featured_media":0,"parent":135,"menu_order":0,"comment_status":"closed","ping_status":"closed","template":"visual-builder-template.php","meta":[],"_links":{"self":[{"href":"https:\/\/fg.bsg.tu-berlin.de\/en\/wp-json\/wp\/v2\/pages\/931"}],"collection":[{"href":"https:\/\/fg.bsg.tu-berlin.de\/en\/wp-json\/wp\/v2\/pages"}],"about":[{"href":"https:\/\/fg.bsg.tu-berlin.de\/en\/wp-json\/wp\/v2\/types\/page"}],"author":[{"embeddable":true,"href":"https:\/\/fg.bsg.tu-berlin.de\/en\/wp-json\/wp\/v2\/users\/1"}],"replies":[{"embeddable":true,"href":"https:\/\/fg.bsg.tu-berlin.de\/en\/wp-json\/wp\/v2\/comments?post=931"}],"version-history":[{"count":3,"href":"https:\/\/fg.bsg.tu-berlin.de\/en\/wp-json\/wp\/v2\/pages\/931\/revisions"}],"predecessor-version":[{"id":935,"href":"https:\/\/fg.bsg.tu-berlin.de\/en\/wp-json\/wp\/v2\/pages\/931\/revisions\/935"}],"up":[{"embeddable":true,"href":"https:\/\/fg.bsg.tu-berlin.de\/en\/wp-json\/wp\/v2\/pages\/135"}],"wp:attachment":[{"href":"https:\/\/fg.bsg.tu-berlin.de\/en\/wp-json\/wp\/v2\/media?parent=931"}],"curies":[{"name":"wp","href":"https:\/\/api.w.org\/{rel}","templated":true}]}}