{"id":88,"date":"2018-01-19T13:53:34","date_gmt":"2018-01-19T12:53:34","guid":{"rendered":"http:\/\/fg.bsg.tu-berlin.de\/?page_id=88"},"modified":"2021-06-18T13:41:37","modified_gmt":"2021-06-18T11:41:37","slug":"publikationen","status":"publish","type":"page","link":"https:\/\/fg.bsg.tu-berlin.de\/en\/publikationen\/","title":{"rendered":"Publikationen"},"content":{"rendered":"<p><section class=\"fw-main-row fw-section-no-padding\"\n\t\t style=\" \" >\n\t<div class=\"fw-container\">\n\t\t<div class=\"fw-row\">\n\t<div class=\"fw-col-sm-12\">\n\t<div class=\"fw-col-inner\">\n\t\t<div class=\"fw-divider-space  space-sm clearfix\"  ><\/div>\t<\/div>\n<\/div><\/div>\n\n<div class=\"fw-row\">\n\t<div class=\"fw-col-sm-12\">\n\t<div class=\"fw-col-inner\">\n\t\t<div class=\"fw-shortcode-post-section\">\n\t\t<div class=\"latest-posts lp-type8 clearfix\">\n\t\t\t\t\t<div class=\"col-md-12\">\n\t\t\t\t<div class=\"lp-category-name-wrap\">\n\t\t\t\t\t<h2 class=\"lp-category-name\">Publikationen<\/h2>\n\t\t\t\t<\/div>\n\t\t\t<\/div>\n\t\t\t\t<div class=\"lp-content clearfix\">\n\t\t\t\t\t\t\t<div class=\"col-md-4 col-sm-4 col-xs-6\">\n\t\t\t\t\t<div class=\"lp-item\">\n\t\t\t\t\t\t\t\t\t\t\t\t\t<a href=\"https:\/\/fg.bsg.tu-berlin.de\/en\/survival-lounge-ii-build\/\" class=\"lp-all-content-wrap\">\n\t\t\t\t\t\t\t\t<img width=\"1200\" height=\"900\" src=\"https:\/\/fg.bsg.tu-berlin.de\/wp-content\/uploads\/2022\/03\/survivallounge-cover-build.jpg\" class=\"attachment-post-thumbnail size-post-thumbnail wp-post-image\" alt=\"\" loading=\"lazy\" srcset=\"https:\/\/fg.bsg.tu-berlin.de\/wp-content\/uploads\/2022\/03\/survivallounge-cover-build.jpg 1200w, https:\/\/fg.bsg.tu-berlin.de\/wp-content\/uploads\/2022\/03\/survivallounge-cover-build-300x225.jpg 300w, https:\/\/fg.bsg.tu-berlin.de\/wp-content\/uploads\/2022\/03\/survivallounge-cover-build-768x576.jpg 768w, https:\/\/fg.bsg.tu-berlin.de\/wp-content\/uploads\/2022\/03\/survivallounge-cover-build-16x12.jpg 16w, https:\/\/fg.bsg.tu-berlin.de\/wp-content\/uploads\/2022\/03\/survivallounge-cover-build-393x295.jpg 393w, https:\/\/fg.bsg.tu-berlin.de\/wp-content\/uploads\/2022\/03\/survivallounge-cover-build-786x590.jpg 786w\" sizes=\"(max-width: 1200px) 100vw, 1200px\" \/>\n\t\t\t\t\t\t\t\t<div class=\"lp-item-content\">\n\t\t\t\t\t\t\t\t\t<div class=\"fw-itable\">\n\t\t\t\t\t\t\t\t\t\t<div class=\"fw-icell\">\n\t\t\t\t\t\t\t\t\t\t\t<h4 class=\"lp-title\">survival lounge :: ii. build<\/h4>\n\t\t\t\t\t\t\t\t\t\t\t<div class=\"lp-text\">\n\t\t\t\t\t\t\t\t\t\t\t\t<p>Student publication enabled by FG BSG :: Building the Survival Lounge \u00a0 Based on Sara Ahmed\u2019s book :: \u2018Living a Feminist Life\u2019 \u00a0 The Survival Lounge project is a series of seminars focusing on the design, construction, and inhabitation of an intersectional feminist Survival Lounge inspired by Sara Ahmed\u2019s book \u2018Living a Feminist Life\u2019. It [\u2026]<\/p>\n\t\t\t\t\t\t\t\t\t\t\t<\/div>\n\t\t\t\t\t\t\t\t\t\t<\/div>\n\t\t\t\t\t\t\t\t\t<\/div>\n\t\t\t\t\t\t\t\t<\/div>\n\t\t\t\t\t\t\t<\/a>\n\t\t\t\t\t\t\t\t\t\t\t<\/div>\n\t\t\t\t<\/div>\n\t\t\t\t\t\t\t<div class=\"col-md-4 col-sm-4 col-xs-6\">\n\t\t\t\t\t<div class=\"lp-item\">\n\t\t\t\t\t\t\t\t\t\t\t\t\t<a href=\"https:\/\/fg.bsg.tu-berlin.de\/en\/berliner-architektinnen-oral-history-2\/\" class=\"lp-all-content-wrap\">\n\t\t\t\t\t\t\t\t<img width=\"1200\" height=\"900\" src=\"https:\/\/fg.bsg.tu-berlin.de\/wp-content\/uploads\/2021\/06\/Berliner-Architektinnen-Oral-History-2021-page-002-3.jpg\" class=\"attachment-post-thumbnail size-post-thumbnail wp-post-image\" alt=\"\" loading=\"lazy\" srcset=\"https:\/\/fg.bsg.tu-berlin.de\/wp-content\/uploads\/2021\/06\/Berliner-Architektinnen-Oral-History-2021-page-002-3.jpg 1200w, https:\/\/fg.bsg.tu-berlin.de\/wp-content\/uploads\/2021\/06\/Berliner-Architektinnen-Oral-History-2021-page-002-3-300x225.jpg 300w, https:\/\/fg.bsg.tu-berlin.de\/wp-content\/uploads\/2021\/06\/Berliner-Architektinnen-Oral-History-2021-page-002-3-768x576.jpg 768w, https:\/\/fg.bsg.tu-berlin.de\/wp-content\/uploads\/2021\/06\/Berliner-Architektinnen-Oral-History-2021-page-002-3-16x12.jpg 16w, https:\/\/fg.bsg.tu-berlin.de\/wp-content\/uploads\/2021\/06\/Berliner-Architektinnen-Oral-History-2021-page-002-3-393x295.jpg 393w, https:\/\/fg.bsg.tu-berlin.de\/wp-content\/uploads\/2021\/06\/Berliner-Architektinnen-Oral-History-2021-page-002-3-786x590.jpg 786w\" sizes=\"(max-width: 1200px) 100vw, 1200px\" \/>\n\t\t\t\t\t\t\t\t<div class=\"lp-item-content\">\n\t\t\t\t\t\t\t\t\t<div class=\"fw-itable\">\n\t\t\t\t\t\t\t\t\t\t<div class=\"fw-icell\">\n\t\t\t\t\t\t\t\t\t\t\t<h4 class=\"lp-title\">Berliner Architekt*innen. Oral History<\/h4>\n\t\t\t\t\t\t\t\t\t\t\t<div class=\"lp-text\">\n\t\t\t\t\t\t\t\t\t\t\t\t<p>Publikation im Rahmen der Ausstellung [FRAU] ARCHITEKT*IN, 3. Juni \u2013 8. Juli 2021, Reuse-Pavillon, Berlin Wie gestalten Architektinnen ihre Berufswege?Auf welche Stereotypen und Diskriminierungen sto\u00dfen sie dabei nach wie vor? Wie ver\u00e4ndert sich das Berufsbild der Architektin und des Architekten durch die st\u00e4rker werdende Pr\u00e4senz von Frauen insgesamt, und wie viel gibt es noch zu [\u2026]<\/p>\n\t\t\t\t\t\t\t\t\t\t\t<\/div>\n\t\t\t\t\t\t\t\t\t\t<\/div>\n\t\t\t\t\t\t\t\t\t<\/div>\n\t\t\t\t\t\t\t\t<\/div>\n\t\t\t\t\t\t\t<\/a>\n\t\t\t\t\t\t\t\t\t\t\t<\/div>\n\t\t\t\t<\/div>\n\t\t\t\t\t\t\t<div class=\"col-md-4 col-sm-4 col-xs-6\">\n\t\t\t\t\t<div class=\"lp-item\">\n\t\t\t\t\t\t\t\t\t\t\t\t\t<a href=\"https:\/\/fg.bsg.tu-berlin.de\/en\/home-strange-home\/\" class=\"lp-all-content-wrap\">\n\t\t\t\t\t\t\t\t<img width=\"1200\" height=\"900\" src=\"https:\/\/fg.bsg.tu-berlin.de\/wp-content\/uploads\/2021\/06\/HomeStrangeHome_1200x900.jpg\" class=\"attachment-post-thumbnail size-post-thumbnail wp-post-image\" alt=\"\" loading=\"lazy\" srcset=\"https:\/\/fg.bsg.tu-berlin.de\/wp-content\/uploads\/2021\/06\/HomeStrangeHome_1200x900.jpg 1200w, https:\/\/fg.bsg.tu-berlin.de\/wp-content\/uploads\/2021\/06\/HomeStrangeHome_1200x900-300x225.jpg 300w, https:\/\/fg.bsg.tu-berlin.de\/wp-content\/uploads\/2021\/06\/HomeStrangeHome_1200x900-768x576.jpg 768w, https:\/\/fg.bsg.tu-berlin.de\/wp-content\/uploads\/2021\/06\/HomeStrangeHome_1200x900-16x12.jpg 16w, https:\/\/fg.bsg.tu-berlin.de\/wp-content\/uploads\/2021\/06\/HomeStrangeHome_1200x900-393x295.jpg 393w, https:\/\/fg.bsg.tu-berlin.de\/wp-content\/uploads\/2021\/06\/HomeStrangeHome_1200x900-786x590.jpg 786w\" sizes=\"(max-width: 1200px) 100vw, 1200px\" \/>\n\t\t\t\t\t\t\t\t<div class=\"lp-item-content\">\n\t\t\t\t\t\t\t\t\t<div class=\"fw-itable\">\n\t\t\t\t\t\t\t\t\t\t<div class=\"fw-icell\">\n\t\t\t\t\t\t\t\t\t\t\t<h4 class=\"lp-title\">Home Strange Home<\/h4>\n\t\t\t\t\t\t\t\t\t\t\t<div class=\"lp-text\">\n\t\t\t\t\t\t\t\t\t\t\t\t<p>Interactive Digital Survival Lounge Project following Sara Ahmed \u00a0 Enter the interactive Unity World \u201cHome Strange Home\u201d Have a look at an introductory film Homepage \u201cHome Strange Home\u201d \u00a0 El\u00e9onore Hayar, Vani Monjaraz Tec, Selen S\u00f6nmez Student work for the course \u201cInhabiting the Survival Lounge\u201d, Summer Term 2021, Chair for History of Architecture and Urbanism [\u2026]<\/p>\n\t\t\t\t\t\t\t\t\t\t\t<\/div>\n\t\t\t\t\t\t\t\t\t\t<\/div>\n\t\t\t\t\t\t\t\t\t<\/div>\n\t\t\t\t\t\t\t\t<\/div>\n\t\t\t\t\t\t\t<\/a>\n\t\t\t\t\t\t\t\t\t\t\t<\/div>\n\t\t\t\t<\/div>\n\t\t\t\t\t\t\t<div class=\"col-md-4 col-sm-4 col-xs-6\">\n\t\t\t\t\t<div class=\"lp-item\">\n\t\t\t\t\t\t\t\t\t\t\t\t\t<a href=\"https:\/\/fg.bsg.tu-berlin.de\/en\/scires-it\/\" class=\"lp-all-content-wrap\">\n\t\t\t\t\t\t\t\t<img width=\"1200\" height=\"900\" src=\"https:\/\/fg.bsg.tu-berlin.de\/wp-content\/uploads\/2021\/01\/SCIRES-IT-1-2020-Cover_breit_test-e1617723832175-1.jpg\" class=\"attachment-post-thumbnail size-post-thumbnail wp-post-image\" alt=\"\" loading=\"lazy\" srcset=\"https:\/\/fg.bsg.tu-berlin.de\/wp-content\/uploads\/2021\/01\/SCIRES-IT-1-2020-Cover_breit_test-e1617723832175-1.jpg 1200w, https:\/\/fg.bsg.tu-berlin.de\/wp-content\/uploads\/2021\/01\/SCIRES-IT-1-2020-Cover_breit_test-e1617723832175-1-300x225.jpg 300w, https:\/\/fg.bsg.tu-berlin.de\/wp-content\/uploads\/2021\/01\/SCIRES-IT-1-2020-Cover_breit_test-e1617723832175-1-768x576.jpg 768w, https:\/\/fg.bsg.tu-berlin.de\/wp-content\/uploads\/2021\/01\/SCIRES-IT-1-2020-Cover_breit_test-e1617723832175-1-16x12.jpg 16w, https:\/\/fg.bsg.tu-berlin.de\/wp-content\/uploads\/2021\/01\/SCIRES-IT-1-2020-Cover_breit_test-e1617723832175-1-393x295.jpg 393w, https:\/\/fg.bsg.tu-berlin.de\/wp-content\/uploads\/2021\/01\/SCIRES-IT-1-2020-Cover_breit_test-e1617723832175-1-786x590.jpg 786w\" sizes=\"(max-width: 1200px) 100vw, 1200px\" \/>\n\t\t\t\t\t\t\t\t<div class=\"lp-item-content\">\n\t\t\t\t\t\t\t\t\t<div class=\"fw-itable\">\n\t\t\t\t\t\t\t\t\t\t<div class=\"fw-icell\">\n\t\t\t\t\t\t\t\t\t\t\t<h4 class=\"lp-title\">SCIRES-IT<\/h4>\n\t\t\t\t\t\t\t\t\t\t\t<div class=\"lp-text\">\n\t\t\t\t\t\t\t\t\t\t\t\t<p>SCIRES-IT \u2013 SCIentific RESearch and Information Technology, e-ISSN 2239-4303 \u00a0 Volume 10, Issue 1 (2020) [free download] \u00a0 Issue edited by\u00a0S. Frommel and H. Schlimme and Editors in-Chief V. Valzano and M. Cigola Cover Illustration: F. Apollonio, R. Foschi Some reconstruction hypothesis of Leonardo\u2019s project\u00a0 for the tiburio of the Milan cathedral by using 3D [\u2026]<\/p>\n\t\t\t\t\t\t\t\t\t\t\t<\/div>\n\t\t\t\t\t\t\t\t\t\t<\/div>\n\t\t\t\t\t\t\t\t\t<\/div>\n\t\t\t\t\t\t\t\t<\/div>\n\t\t\t\t\t\t\t<\/a>\n\t\t\t\t\t\t\t\t\t\t\t<\/div>\n\t\t\t\t<\/div>\n\t\t\t\t\t\t\t<div class=\"col-md-4 col-sm-4 col-xs-6\">\n\t\t\t\t\t<div class=\"lp-item\">\n\t\t\t\t\t\t\t\t\t\t\t\t\t<a href=\"https:\/\/fg.bsg.tu-berlin.de\/en\/survival-lounge-i-design\/\" class=\"lp-all-content-wrap\">\n\t\t\t\t\t\t\t\t<img width=\"1200\" height=\"900\" src=\"https:\/\/fg.bsg.tu-berlin.de\/wp-content\/uploads\/2021\/02\/Survival-Lounge-Cover-1_test1.jpg\" class=\"attachment-post-thumbnail size-post-thumbnail wp-post-image\" alt=\"\" loading=\"lazy\" srcset=\"https:\/\/fg.bsg.tu-berlin.de\/wp-content\/uploads\/2021\/02\/Survival-Lounge-Cover-1_test1.jpg 1200w, https:\/\/fg.bsg.tu-berlin.de\/wp-content\/uploads\/2021\/02\/Survival-Lounge-Cover-1_test1-300x225.jpg 300w, https:\/\/fg.bsg.tu-berlin.de\/wp-content\/uploads\/2021\/02\/Survival-Lounge-Cover-1_test1-768x576.jpg 768w, https:\/\/fg.bsg.tu-berlin.de\/wp-content\/uploads\/2021\/02\/Survival-Lounge-Cover-1_test1-16x12.jpg 16w, https:\/\/fg.bsg.tu-berlin.de\/wp-content\/uploads\/2021\/02\/Survival-Lounge-Cover-1_test1-393x295.jpg 393w, https:\/\/fg.bsg.tu-berlin.de\/wp-content\/uploads\/2021\/02\/Survival-Lounge-Cover-1_test1-786x590.jpg 786w\" sizes=\"(max-width: 1200px) 100vw, 1200px\" \/>\n\t\t\t\t\t\t\t\t<div class=\"lp-item-content\">\n\t\t\t\t\t\t\t\t\t<div class=\"fw-itable\">\n\t\t\t\t\t\t\t\t\t\t<div class=\"fw-icell\">\n\t\t\t\t\t\t\t\t\t\t\t<h4 class=\"lp-title\">survival lounge :: i. design<\/h4>\n\t\t\t\t\t\t\t\t\t\t\t<div class=\"lp-text\">\n\t\t\t\t\t\t\t\t\t\t\t\t<p>Student publication enabled by FG\u00a0BSG :: Designing the Survival Lounge\u00a0 \u00a0 Based on Sara Ahmed\u2019s book :: \u2018Living a\u00a0Feminist\u00a0Life\u2019\u00a0 \u00a0 The Survival Lounge project is a series of seminars focusing on the design, construction, and inhabitation of an intersectional feminist Survival Lounge inspired by Sara Ahmed\u2019s book \u2018Living a Feminist Life\u2019. It is a Survival [\u2026]<\/p>\n\t\t\t\t\t\t\t\t\t\t\t<\/div>\n\t\t\t\t\t\t\t\t\t\t<\/div>\n\t\t\t\t\t\t\t\t\t<\/div>\n\t\t\t\t\t\t\t\t<\/div>\n\t\t\t\t\t\t\t<\/a>\n\t\t\t\t\t\t\t\t\t\t\t<\/div>\n\t\t\t\t<\/div>\n\t\t\t\t\t\t\t<div class=\"col-md-4 col-sm-4 col-xs-6\">\n\t\t\t\t\t<div class=\"lp-item\">\n\t\t\t\t\t\t\t\t\t\t\t\t\t<a href=\"https:\/\/fg.bsg.tu-berlin.de\/en\/construction-history\/\" class=\"lp-all-content-wrap\">\n\t\t\t\t\t\t\t\t<img width=\"1200\" height=\"900\" src=\"https:\/\/fg.bsg.tu-berlin.de\/wp-content\/uploads\/2018\/10\/cover-ch-22.jpg\" class=\"attachment-post-thumbnail size-post-thumbnail wp-post-image\" alt=\"\" loading=\"lazy\" srcset=\"https:\/\/fg.bsg.tu-berlin.de\/wp-content\/uploads\/2018\/10\/cover-ch-22.jpg 1200w, https:\/\/fg.bsg.tu-berlin.de\/wp-content\/uploads\/2018\/10\/cover-ch-22-300x225.jpg 300w, https:\/\/fg.bsg.tu-berlin.de\/wp-content\/uploads\/2018\/10\/cover-ch-22-768x576.jpg 768w, https:\/\/fg.bsg.tu-berlin.de\/wp-content\/uploads\/2018\/10\/cover-ch-22-16x12.jpg 16w, https:\/\/fg.bsg.tu-berlin.de\/wp-content\/uploads\/2018\/10\/cover-ch-22-393x295.jpg 393w, https:\/\/fg.bsg.tu-berlin.de\/wp-content\/uploads\/2018\/10\/cover-ch-22-786x590.jpg 786w\" sizes=\"(max-width: 1200px) 100vw, 1200px\" \/>\n\t\t\t\t\t\t\t\t<div class=\"lp-item-content\">\n\t\t\t\t\t\t\t\t\t<div class=\"fw-itable\">\n\t\t\t\t\t\t\t\t\t\t<div class=\"fw-icell\">\n\t\t\t\t\t\t\t\t\t\t\t<h4 class=\"lp-title\">Construction History<\/h4>\n\t\t\t\t\t\t\t\t\t\t\t<div class=\"lp-text\">\n\t\t\t\t\t\t\t\t\t\t\t\t<p>Construction History. International Journal of the Construction History Society Herausgeber*innen: Inge Bertels, Christine Wall, Hermann Schlimme, William McLean ISSN: 0267-7768 http:\/\/www.constructionhistory.co.uk\/publications\/construction-history-journal\/ \u00a0 Construction History is an international peer-reviewed journal devoted to the study of all aspects of the history of buildings and construction, and to the development of construction history as a scholarly discipline. The [\u2026]<\/p>\n\t\t\t\t\t\t\t\t\t\t\t<\/div>\n\t\t\t\t\t\t\t\t\t\t<\/div>\n\t\t\t\t\t\t\t\t\t<\/div>\n\t\t\t\t\t\t\t\t<\/div>\n\t\t\t\t\t\t\t<\/a>\n\t\t\t\t\t\t\t\t\t\t\t<\/div>\n\t\t\t\t<\/div>\n\t\t\t\t\t\t\t<div class=\"col-md-4 col-sm-4 col-xs-6\">\n\t\t\t\t\t<div class=\"lp-item\">\n\t\t\t\t\t\t\t\t\t\t\t\t\t<a href=\"https:\/\/fg.bsg.tu-berlin.de\/en\/wissensgeschichte-der-architektur-band-3\/\" class=\"lp-all-content-wrap\">\n\t\t\t\t\t\t\t\t<img width=\"1200\" height=\"900\" src=\"https:\/\/fg.bsg.tu-berlin.de\/wp-content\/uploads\/2018\/06\/Wissensgeschichte-3-Kopie.jpg\" class=\"attachment-post-thumbnail size-post-thumbnail wp-post-image\" alt=\"\" loading=\"lazy\" srcset=\"https:\/\/fg.bsg.tu-berlin.de\/wp-content\/uploads\/2018\/06\/Wissensgeschichte-3-Kopie.jpg 1200w, https:\/\/fg.bsg.tu-berlin.de\/wp-content\/uploads\/2018\/06\/Wissensgeschichte-3-Kopie-300x225.jpg 300w, https:\/\/fg.bsg.tu-berlin.de\/wp-content\/uploads\/2018\/06\/Wissensgeschichte-3-Kopie-768x576.jpg 768w, https:\/\/fg.bsg.tu-berlin.de\/wp-content\/uploads\/2018\/06\/Wissensgeschichte-3-Kopie-1024x768.jpg 1024w, https:\/\/fg.bsg.tu-berlin.de\/wp-content\/uploads\/2018\/06\/Wissensgeschichte-3-Kopie-393x295.jpg 393w, https:\/\/fg.bsg.tu-berlin.de\/wp-content\/uploads\/2018\/06\/Wissensgeschichte-3-Kopie-786x590.jpg 786w\" sizes=\"(max-width: 1200px) 100vw, 1200px\" \/>\n\t\t\t\t\t\t\t\t<div class=\"lp-item-content\">\n\t\t\t\t\t\t\t\t\t<div class=\"fw-itable\">\n\t\t\t\t\t\t\t\t\t\t<div class=\"fw-icell\">\n\t\t\t\t\t\t\t\t\t\t\t<h4 class=\"lp-title\">Wissensgeschichte der Architektur \u2013 Band 3<\/h4>\n\t\t\t\t\t\t\t\t\t\t\t<div class=\"lp-text\">\n\t\t\t\t\t\t\t\t\t\t\t\t<p>Wissensgeschichte der Architektur \u2013 Band 3 J\u00fcrgen Renn, Wilhelm Osthues, Hermann Schlimme (Hrsg.)<\/p>\n\t\t\t\t\t\t\t\t\t\t\t<\/div>\n\t\t\t\t\t\t\t\t\t\t<\/div>\n\t\t\t\t\t\t\t\t\t<\/div>\n\t\t\t\t\t\t\t\t<\/div>\n\t\t\t\t\t\t\t<\/a>\n\t\t\t\t\t\t\t\t\t\t\t<\/div>\n\t\t\t\t<\/div>\n\t\t\t\t\t\t\t<div class=\"col-md-4 col-sm-4 col-xs-6\">\n\t\t\t\t\t<div class=\"lp-item\">\n\t\t\t\t\t\t\t\t\t\t\t\t\t<a href=\"https:\/\/fg.bsg.tu-berlin.de\/en\/wissensgeschichte-der-architektur-band-2\/\" class=\"lp-all-content-wrap\">\n\t\t\t\t\t\t\t\t<img width=\"1200\" height=\"900\" src=\"https:\/\/fg.bsg.tu-berlin.de\/wp-content\/uploads\/2018\/06\/Wissensgeschichte-2-Kopie.jpg\" class=\"attachment-post-thumbnail size-post-thumbnail wp-post-image\" alt=\"\" loading=\"lazy\" srcset=\"https:\/\/fg.bsg.tu-berlin.de\/wp-content\/uploads\/2018\/06\/Wissensgeschichte-2-Kopie.jpg 1200w, https:\/\/fg.bsg.tu-berlin.de\/wp-content\/uploads\/2018\/06\/Wissensgeschichte-2-Kopie-300x225.jpg 300w, https:\/\/fg.bsg.tu-berlin.de\/wp-content\/uploads\/2018\/06\/Wissensgeschichte-2-Kopie-768x576.jpg 768w, https:\/\/fg.bsg.tu-berlin.de\/wp-content\/uploads\/2018\/06\/Wissensgeschichte-2-Kopie-1024x768.jpg 1024w, https:\/\/fg.bsg.tu-berlin.de\/wp-content\/uploads\/2018\/06\/Wissensgeschichte-2-Kopie-393x295.jpg 393w, https:\/\/fg.bsg.tu-berlin.de\/wp-content\/uploads\/2018\/06\/Wissensgeschichte-2-Kopie-786x590.jpg 786w\" sizes=\"(max-width: 1200px) 100vw, 1200px\" \/>\n\t\t\t\t\t\t\t\t<div class=\"lp-item-content\">\n\t\t\t\t\t\t\t\t\t<div class=\"fw-itable\">\n\t\t\t\t\t\t\t\t\t\t<div class=\"fw-icell\">\n\t\t\t\t\t\t\t\t\t\t\t<h4 class=\"lp-title\">Wissensgeschichte der Architektur \u2013 Band 2<\/h4>\n\t\t\t\t\t\t\t\t\t\t\t<div class=\"lp-text\">\n\t\t\t\t\t\t\t\t\t\t\t\t<p>Wissensgeschichte der Architektur \u2013 Band 2 J\u00fcrgen Renn, Wilhelm Osthues, Hermann Schlimme (Hrsg.)<\/p>\n\t\t\t\t\t\t\t\t\t\t\t<\/div>\n\t\t\t\t\t\t\t\t\t\t<\/div>\n\t\t\t\t\t\t\t\t\t<\/div>\n\t\t\t\t\t\t\t\t<\/div>\n\t\t\t\t\t\t\t<\/a>\n\t\t\t\t\t\t\t\t\t\t\t<\/div>\n\t\t\t\t<\/div>\n\t\t\t\t\t\t\t<div class=\"col-md-4 col-sm-4 col-xs-6\">\n\t\t\t\t\t<div class=\"lp-item\">\n\t\t\t\t\t\t\t\t\t\t\t\t\t<a href=\"https:\/\/fg.bsg.tu-berlin.de\/en\/wissensgeschichte-der-architektur-band-1\/\" class=\"lp-all-content-wrap\">\n\t\t\t\t\t\t\t\t<img width=\"1200\" height=\"900\" src=\"https:\/\/fg.bsg.tu-berlin.de\/wp-content\/uploads\/2018\/03\/Wissensgeschichte-1-Kopie-quer.jpg\" class=\"attachment-post-thumbnail size-post-thumbnail wp-post-image\" alt=\"\" loading=\"lazy\" srcset=\"https:\/\/fg.bsg.tu-berlin.de\/wp-content\/uploads\/2018\/03\/Wissensgeschichte-1-Kopie-quer.jpg 1200w, https:\/\/fg.bsg.tu-berlin.de\/wp-content\/uploads\/2018\/03\/Wissensgeschichte-1-Kopie-quer-300x225.jpg 300w, https:\/\/fg.bsg.tu-berlin.de\/wp-content\/uploads\/2018\/03\/Wissensgeschichte-1-Kopie-quer-768x576.jpg 768w, https:\/\/fg.bsg.tu-berlin.de\/wp-content\/uploads\/2018\/03\/Wissensgeschichte-1-Kopie-quer-1024x768.jpg 1024w, https:\/\/fg.bsg.tu-berlin.de\/wp-content\/uploads\/2018\/03\/Wissensgeschichte-1-Kopie-quer-393x295.jpg 393w, https:\/\/fg.bsg.tu-berlin.de\/wp-content\/uploads\/2018\/03\/Wissensgeschichte-1-Kopie-quer-786x590.jpg 786w\" sizes=\"(max-width: 1200px) 100vw, 1200px\" \/>\n\t\t\t\t\t\t\t\t<div class=\"lp-item-content\">\n\t\t\t\t\t\t\t\t\t<div class=\"fw-itable\">\n\t\t\t\t\t\t\t\t\t\t<div class=\"fw-icell\">\n\t\t\t\t\t\t\t\t\t\t\t<h4 class=\"lp-title\">Wissensgeschichte der Architektur \u2013 Band 1<\/h4>\n\t\t\t\t\t\t\t\t\t\t\t<div class=\"lp-text\">\n\t\t\t\t\t\t\t\t\t\t\t\t<p>Wissensgeschichte der Architektur \u2013 Band 1 J\u00fcrgen Renn, Wilhelm Osthues, Hermann Schlimme (Hrsg.)<\/p>\n\t\t\t\t\t\t\t\t\t\t\t<\/div>\n\t\t\t\t\t\t\t\t\t\t<\/div>\n\t\t\t\t\t\t\t\t\t<\/div>\n\t\t\t\t\t\t\t\t<\/div>\n\t\t\t\t\t\t\t<\/a>\n\t\t\t\t\t\t\t\t\t\t\t<\/div>\n\t\t\t\t<\/div>\n\t\t\t\t\t<\/div>\n\t<\/div>\n<\/div>\t<\/div>\n<\/div><\/div>\n\n<div class=\"fw-row\">\n\t<div class=\"fw-col-sm-12\">\n\t<div class=\"fw-col-inner\">\n\t\t<div class=\"fw-divider-space  space-sm clearfix\"  ><\/div>\t<\/div>\n<\/div><\/div>\n\n<div class=\"fw-row\">\n\t<div class=\"fw-col-sm-12\">\n\t<div class=\"fw-col-inner\">\n\t\t<div class=\"fw-divider  fw-line-solid fw-divider-line space-md\"style=\" \" ><\/div>\n\t<\/div>\n<\/div><\/div>\n\n<div class=\"fw-row\">\n\t<div class=\"fw-col-sm-12\">\n\t<div class=\"fw-col-inner\">\n\t\t<div class=\"fw-divider-space  space-sm clearfix\"  ><\/div>\t<\/div>\n<\/div><\/div>\n\n\t<\/div>\n<\/section><section class=\"fw-main-row-custom fw-section-no-padding\"\n\t\t style=\" \" >\n\t<div class=\"fw-container\">\n\t\t<div class=\"fw-row\">\n\t<div class=\"fw-col-sm-4\">\n\t<div class=\"fw-col-inner\">\n\t\t\t<\/div>\n<\/div><div class=\"fw-col-sm-4\">\n\t<div class=\"fw-col-inner\">\n\t\t\n\t\t\t<div class=\"fw-block-image-parent fw-overlay-1 fw-block-image-icon\" style=\"width: 100%;\">\n\t\t\t<a class=\"fw-block-image-child  fw-ratio-4-3\"\n\t\t\t   href=\"http:\/\/fg.bsg.tu-berlin.de\/publikationen\/publikationen-archiv\/\" >\n\t\t\t\t<noscript><img itemprop=\"image\" src=\"\/\/fg.bsg.tu-berlin.de\/wp-content\/uploads\/2018\/06\/Archiv1.jpg\"  alt=\"Archiv1\" data-maxdpr=\"1.7\" class=\"lazyload\" \/><\/noscript><img src=\"data:image\/gif;base64,R0lGODlhAQABAIAAAAAAAP\/\/\/yH5BAEAAAAALAAAAAABAAEAAAIBRAA7\" data-sizes=\"auto\" data-srcset=\"\/\/fg.bsg.tu-berlin.de\/wp-content\/uploads\/2018\/06\/Archiv1-300x225.jpg 300w, \/\/fg.bsg.tu-berlin.de\/wp-content\/uploads\/2018\/06\/Archiv1-768x576.jpg 768w, \/\/fg.bsg.tu-berlin.de\/wp-content\/uploads\/2018\/06\/Archiv1-1024x768.jpg 1024w, \/\/fg.bsg.tu-berlin.de\/wp-content\/uploads\/2018\/06\/Archiv1-393x295.jpg 393w, \/\/fg.bsg.tu-berlin.de\/wp-content\/uploads\/2018\/06\/Archiv1-786x590.jpg 786w, \/\/fg.bsg.tu-berlin.de\/wp-content\/uploads\/2018\/06\/Archiv1.jpg 1200w\"   alt=\"Archiv1\" data-maxdpr=\"1.7\" class=\"lazyload\" \/>\t\t\t\t<div class=\"fw-block-image-overlay\">\n\t\t\t\t\t<div class=\"fw-itable\">\n\t\t\t\t\t\t<div class=\"fw-icell\">\n\t\t\t\t\t\t\t<i class=\"fw-icon-link\"><\/i>\n\t\t\t\t\t\t<\/div>\n\t\t\t\t\t<\/div>\n\t\t\t\t<\/div>\n\t\t\t<\/a>\n\t\t<\/div>\n\t\n<div class=\"fw-text-box\">\n\t<div class=\"fw-text-inner\">\n\t\t<h6 style=\"text-align: center;\">Publikationen Archiv<\/h6>\n\t<\/div>\n<\/div>\t<\/div>\n<\/div><div class=\"fw-col-sm-4\">\n\t<div class=\"fw-col-inner\">\n\t\t\t<\/div>\n<\/div><\/div>\n\n\t<\/div>\n<\/section><section class=\"fw-main-row fw-section-no-padding\"\n\t\t style=\" \" >\n\t<div class=\"fw-container\">\n\t\t<div class=\"fw-row\">\n\t<div class=\"fw-col-sm-12\">\n\t<div class=\"fw-col-inner\">\n\t\t<div class=\"fw-divider-space  space-md clearfix\"  ><\/div>\t<\/div>\n<\/div><\/div>\n\n\t<\/div>\n<\/section><\/p>","protected":false},"excerpt":{"rendered":"<p>Wissensgeschichte der Architektur &#8211; Band 1 J\u00fcrgen Renn, Wilhelm Osthues, Hermann Schlimme (Hrsg.)<\/p>","protected":false},"author":1,"featured_media":0,"parent":0,"menu_order":0,"comment_status":"closed","ping_status":"closed","template":"visual-builder-template.php","meta":[],"_links":{"self":[{"href":"https:\/\/fg.bsg.tu-berlin.de\/en\/wp-json\/wp\/v2\/pages\/88"}],"collection":[{"href":"https:\/\/fg.bsg.tu-berlin.de\/en\/wp-json\/wp\/v2\/pages"}],"about":[{"href":"https:\/\/fg.bsg.tu-berlin.de\/en\/wp-json\/wp\/v2\/types\/page"}],"author":[{"embeddable":true,"href":"https:\/\/fg.bsg.tu-berlin.de\/en\/wp-json\/wp\/v2\/users\/1"}],"replies":[{"embeddable":true,"href":"https:\/\/fg.bsg.tu-berlin.de\/en\/wp-json\/wp\/v2\/comments?post=88"}],"version-history":[{"count":26,"href":"https:\/\/fg.bsg.tu-berlin.de\/en\/wp-json\/wp\/v2\/pages\/88\/revisions"}],"predecessor-version":[{"id":2440,"href":"https:\/\/fg.bsg.tu-berlin.de\/en\/wp-json\/wp\/v2\/pages\/88\/revisions\/2440"}],"wp:attachment":[{"href":"https:\/\/fg.bsg.tu-berlin.de\/en\/wp-json\/wp\/v2\/media?parent=88"}],"curies":[{"name":"wp","href":"https:\/\/api.w.org\/{rel}","templated":true}]}}