{"id":830,"date":"2018-09-27T13:39:27","date_gmt":"2018-09-27T11:39:27","guid":{"rendered":"http:\/\/fg.bsg.tu-berlin.de\/?page_id=830"},"modified":"2023-01-26T10:43:24","modified_gmt":"2023-01-26T09:43:24","slug":"team-ehemalige","status":"publish","type":"page","link":"https:\/\/fg.bsg.tu-berlin.de\/en\/team\/team-ehemalige\/","title":{"rendered":"Team Ehemalige"},"content":{"rendered":"<section class=\"fw-main-row fw-section-no-padding\"\n\t\t style=\" \" >\n\t<div class=\"fw-container\">\n\t\t<div class=\"fw-row\">\n\t<div class=\"fw-col-sm-12\">\n\t<div class=\"fw-col-inner\">\n\t\t<div class=\"fw-divider-space  space-sm clearfix\"  ><\/div>\t<\/div>\n<\/div><\/div>\n\n<div class=\"fw-row\">\n\t<div class=\"fw-col-sm-12\">\n\t<div class=\"fw-col-inner\">\n\t\t<div class=\"fw-text-box\">\n\t<div class=\"fw-text-inner\">\n\t\t<h4>EHEMALIGE\u00a0LEHRSTUHLINHABER<\/h4>\n<p><a href=\"http:\/\/baugeschichte.a.tu-berlin.de\/bg\/mitarbeiter\/CVCramer.htm\">Johannes Cramer 1997-2016 <\/a><\/p>\n<p><a href=\"http:\/\/baugeschichte.a.tu-berlin.de\/bg\/mitarbeiter\/CVPieper.htm\">Jan Pieper 1988-1993<\/a><\/p>\n<p><a href=\"http:\/\/baugeschichte.a.tu-berlin.de\/bg\/mitarbeiter\/CVReuther.htm\" target=\"_self\">Hans Reuther 1966-1986<\/a><\/p>\n<p><a href=\"http:\/\/baugeschichte.a.tu-berlin.de\/bg\/mitarbeiter\/CVHeinrich.htm\" target=\"_self\">Ernst Heinrich 1952-1965<\/a><\/p>\n<p><a href=\"http:\/\/baugeschichte.a.tu-berlin.de\/bg\/mitarbeiter\/CVAndrae.htm\" target=\"_self\">Walter Andrae 1946-1952<\/a><\/p>\n<p><a href=\"http:\/\/baugeschichte.a.tu-berlin.de\/bg\/mitarbeiter\/CVKrencker.htm\" target=\"_self\">Daniel Krencker 1922-1941<\/a><\/p>\n<p><a href=\"http:\/\/baugeschichte.a.tu-berlin.de\/bg\/mitarbeiter\/CVBorrmann.htm\" target=\"_self\">Richard Borrmann 1903-1921<\/a><\/p>\n<p><a href=\"http:\/\/baugeschichte.a.tu-berlin.de\/bg\/mitarbeiter\/CVAdler.htm\" target=\"_self\">Friedrich Adler 1859-1903<\/a><\/p>\n<p><a href=\"http:\/\/baugeschichte.a.tu-berlin.de\/bg\/mitarbeiter\/CVLuebke.htm\" target=\"_self\">Wilhelm L\u00fcbke 1857-1861<\/a><\/p>\n<p>Gustav Stier 1856-1861<\/p>\n<p>Wilhelm Stier 1828-1856<\/p>\n<p><a href=\"http:\/\/baugeschichte.a.tu-berlin.de\/bg\/mitarbeiter\/CVSchinkel.htm\" target=\"_self\">Karl Friedrich Schinkel 1820-1841<\/a><\/p>\n<p><a href=\"http:\/\/baugeschichte.a.tu-berlin.de\/bg\/mitarbeiter\/CVHirt.htm\" target=\"_self\">Aloys Hirt 1799-1828<\/a><\/p>\n<hr \/>\n<p>\u00a0<\/p>\n<h4>EHEMALIGE HONORARPROFESSOREN<\/h4>\n<p>Hon.-Prof.\u00a0Dr.Sc.tec. Philipp Speiser<\/p>\n<hr \/>\n<p>\u00a0<\/p>\n<h4>EHEMALIGE AU\u00dfERPLANM\u00c4\u00dfIGE PROFESSOREN<\/h4>\n<p>Apl-Prof. Dr. Miron Mislin<\/p>\n<hr \/>\n<p>\u00a0<\/p>\n<h4>EHEMALIGE\u00a0WISSENSCHAFTLICHE MITARBEITER*INNEN<\/h4>\n<p><a name=\"assistenten\"><\/a><\/p>\n<p>Luise Albrecht<\/p>\n<p>Birte Rogacki-Thiemann<\/p>\n<p>Bernadeta Sch\u00e4fer<\/p>\n<p>Olga Zenker<\/p>\n<p>Armgard Goo Grauer<\/p>\n<p>Florian D\u00f6lle<\/p>\n<p>Andreas Potthoff<\/p>\n<p>Tobias Arera-R\u00fctenik<\/p>\n<p>Holger Gr\u00f6nwald<\/p>\n<p>Anja Tuma<\/p>\n<p>Isabelle Arnold<\/p>\n<p>Anke Zalivako<\/p>\n<p>Moritz Taschner<\/p>\n<p>Katharina Meinecke<\/p>\n<p>Elgin von Gaisberg<\/p>\n<p>Apl-Prof. Dr. Miron Mislin<\/p>\n<p>Frank Roost<\/p>\n<p><a title=\"Stefan Breitling\" href=\"http:\/\/www.uni-bamberg.de\/iadk\/bauforschung_und_baugeschichte\/\">Stefan Breitling <\/a><\/p>\n<p>Christina Stra\u00dfe<\/p>\n<p>Christa Brandenburg<\/p>\n<p>Marina D\u00f6ring<\/p>\n<p>Heribert Sutter<\/p>\n<p>Martina Abri<\/p>\n<p>Karl Kiem<\/p>\n<p>Hartwig Schmidt<\/p>\n<p>Manfred Klinkott<\/p>\n<p>Wulf Schirmer<\/p>\n<hr \/>\n<p>\u00a0<\/p>\n<h4>EHEMALIGE SONSTIGE MITARBEITER*INNEN<\/h4>\n<p><b>Bibliothek<\/b><\/p>\n<p>Carolin Stahn<\/p>\n<p>Jenny Kurth<\/p>\n<p>Martha Ganter<\/p>\n<p>Judith Gulden<\/p>\n<p>Hannelore Heeren<\/p>\n<p>Irmgard Bals<\/p>\n<p>Bettina Berwanger<\/p>\n<p><b>Sekretariat<\/b><\/p>\n<p>Margot Winkler<\/p>\n<p>Pascal Daniel<\/p>\n<p>Sigrid Hopfenheit<\/p>\n<p>Rosemarie Colberg<\/p>\n<hr \/>\n<p>\u00a0<\/p>\n<h4>EHEMALIGE TUTOREN*INNEN<\/h4>\n<p><a name=\"tutoren\"><\/a><\/p>\n<p>Alexander Binn<\/p>\n<p>Sarah Baur<\/p>\n<p>Esin Erdinch Mehmed<\/p>\n<p>Mirka Bergk B.Sc.<\/p>\n<p>Johannes Medebach<\/p>\n<p>Sarah Abdel Salam<\/p>\n<p>Louai Mesharrafa<\/p>\n<p>Yucheng Zhang<\/p>\n<p>Veronika Sardova<\/p>\n<p>Maximilian Terschluse<\/p>\n<p>Teresa Lipcynska<\/p>\n<p>Tim Weikert<\/p>\n<p>Christof Wedig<\/p>\n<p>Constanze Bieber<\/p>\n<p>Juliane Schr\u00f6der<\/p>\n<p>Oliver Wolter<\/p>\n<p>Samantha Bock<\/p>\n<p>Philipp Kelm<\/p>\n<p>Jennifer Moser<\/p>\n<p>Anne-Marie Arera<\/p>\n<p>Janette Pannek<\/p>\n<p>Mada Saleh<\/p>\n<p>Dominik Barczyk<\/p>\n<p>Bianca Bos<\/p>\n<p>Christine Horn<\/p>\n<p>Barbara Schmitz<\/p>\n<p>Grit K\u00fchnel<\/p>\n<p>Kati Eschner<\/p>\n<p>Kareen Feldhoff<\/p>\n<p>Florian D\u00f6lle<\/p>\n<p>Sabrina Brosk<\/p>\n<p>Janine Sempf<\/p>\n<p>Julian Bauch<\/p>\n<p>Pawel Chroszcz<\/p>\n<p>Ilona Wycislik<\/p>\n<p>Stefan Vogel<\/p>\n<p>Elena Steinke<\/p>\n<p>Philipp Quack<\/p>\n<p>Torsten Mei\u00dfner<\/p>\n<p>Claudia He\u00df<\/p>\n<p>Moritz Taschner<\/p>\n<p>Felix B\u00fcttner<\/p>\n<p>Dominique Leichtfuss<\/p>\n<p>Martin Nonnenmacher<\/p>\n<p>Jan Kertscher<\/p>\n<p>Sophie M. Jung<\/p>\n<p>Christian Kannenberg<\/p>\n<p>Inga Maria Anger<\/p>\n<p>Mathias Handorf<\/p>\n<p>Ulrike A\u00dfmann<\/p>\n<p>Sarina Szymon<\/p>\n<p>David Blankenstein<\/p>\n<p>Sae Kyung von Stuckrad<\/p>\n<p>Konni H\u00f6pfner<\/p>\n<p>Philip Link<\/p>\n<p>Anke Bl\u00fcmel<\/p>\n<p>Tobias R\u00fctenik<\/p>\n<p>Bianka Tschech<\/p>\n<p>Viola Schulz<\/p>\n<p>Torsten Allert<\/p>\n<p>Oliver Elser<\/p>\n<p>Norbert Hauck<\/p>\n<p>Lars S\u00f6rensen<\/p>\n<p>Jens Birnbaum<\/p>\n<p>Christa Brandenburg (Geb Waeschle)<\/p>\n<p>Franziska Brix<\/p>\n<p>Christina Stra\u00dfe<\/p>\n<p>Dirk Dorsemagen<\/p>\n<p>Bettina Berwanger<\/p>\n<p>Marcus Thiele<\/p>\n<p>Annegret Haseley<\/p>\n<p>Jutta Francis<\/p>\n<p>Astrid Sch\u00fctte<\/p>\n<p>Jan Timm<\/p>\n<p>Antje Liebich<\/p>\n<p>Gudrun Schaare<\/p>\n<p>Christina Lepold<\/p>\n<p>Claudia Schulz<\/p>\n<p>Philipp Meuser<\/p>\n<p>Gerd Baron bis<\/p>\n<p>Stefan Breitling<\/p>\n<p>Bettina Sutters-Peters<\/p>\n<p>S\u00fcnje R\u00fcter<\/p>\n<p>Elena Cenci<\/p>\n<p>Mara Riss\u00e9<\/p>\n<p>Nils Meyer<\/p>\n<p>Florian Eggert<\/p>\n<p>Friederike Pfromm<\/p>\n<p>Fabian Manegold<\/p>\n<p>Rita Mohr<\/p>\n<p>Nicole Ott<\/p>\n<p>Rainer Schmitz<\/p>\n<p>Andreas Werner<\/p>\n<p>F\u00fcr Korrekturen und Erg\u00e4nzungsvorschl\u00e4ge sind wir dankbar.<\/p>\n<p>E-Mail an: <a href=\"mailto:marcus.matznick@tu-berlin.de\">marcus.matznick@tu-berlin.de<\/a><\/p>\n\t<\/div>\n<\/div>\t<\/div>\n<\/div><\/div>\n\n<div class=\"fw-row\">\n\t<div class=\"fw-col-sm-12\">\n\t<div class=\"fw-col-inner\">\n\t\t<div class=\"fw-divider-space  space-md clearfix\"  ><\/div>\t<\/div>\n<\/div><\/div>\n\n\t<\/div>\n<\/section>","protected":false},"excerpt":{"rendered":"<p>EHEMALIGE\u00a0LEHRSTUHLINHABER Johannes Cramer 1997-2016 Jan Pieper 1988-1993 Hans Reuther 1966-1986 Ernst Heinrich 1952-1965 Walter Andrae 1946-1952 Daniel Krencker 1922-1941 Richard Borrmann 1903-1921 Friedrich Adler 1859-1903 Wilhelm L\u00fcbke 1857-1861 Gustav Stier 1856-1861 Wilhelm Stier 1828-1856 Karl Friedrich Schinkel 1820-1841 Aloys Hirt 1799-1828 \u00a0 EHEMALIGE HONORARPROFESSOREN Hon.-Prof.\u00a0Dr.Sc.tec. Philipp Speiser \u00a0 EHEMALIGE AU\u00dfERPLANM\u00c4\u00dfIGE PROFESSOREN Apl-Prof. Dr. Miron Mislin [&hellip;]<\/p>","protected":false},"author":1,"featured_media":0,"parent":146,"menu_order":0,"comment_status":"closed","ping_status":"closed","template":"visual-builder-template.php","meta":[],"_links":{"self":[{"href":"https:\/\/fg.bsg.tu-berlin.de\/en\/wp-json\/wp\/v2\/pages\/830"}],"collection":[{"href":"https:\/\/fg.bsg.tu-berlin.de\/en\/wp-json\/wp\/v2\/pages"}],"about":[{"href":"https:\/\/fg.bsg.tu-berlin.de\/en\/wp-json\/wp\/v2\/types\/page"}],"author":[{"embeddable":true,"href":"https:\/\/fg.bsg.tu-berlin.de\/en\/wp-json\/wp\/v2\/users\/1"}],"replies":[{"embeddable":true,"href":"https:\/\/fg.bsg.tu-berlin.de\/en\/wp-json\/wp\/v2\/comments?post=830"}],"version-history":[{"count":32,"href":"https:\/\/fg.bsg.tu-berlin.de\/en\/wp-json\/wp\/v2\/pages\/830\/revisions"}],"predecessor-version":[{"id":2909,"href":"https:\/\/fg.bsg.tu-berlin.de\/en\/wp-json\/wp\/v2\/pages\/830\/revisions\/2909"}],"up":[{"embeddable":true,"href":"https:\/\/fg.bsg.tu-berlin.de\/en\/wp-json\/wp\/v2\/pages\/146"}],"wp:attachment":[{"href":"https:\/\/fg.bsg.tu-berlin.de\/en\/wp-json\/wp\/v2\/media?parent=830"}],"curies":[{"name":"wp","href":"https:\/\/api.w.org\/{rel}","templated":true}]}}