{"id":136,"date":"2018-01-19T15:56:56","date_gmt":"2018-01-19T14:56:56","guid":{"rendered":"http:\/\/fg.bsg.tu-berlin.de\/?page_id=136"},"modified":"2022-10-14T11:34:33","modified_gmt":"2022-10-14T09:34:33","slug":"kontakt","status":"publish","type":"page","link":"https:\/\/fg.bsg.tu-berlin.de\/en\/kontakt\/","title":{"rendered":"Kontakt"},"content":{"rendered":"<p><section class=\"fw-main-row-custom fw-main-row-top fw-section-no-padding\"\n\t\t style=\" \" >\n\t<div class=\"fw-container\">\n\t\t<div class=\"fw-row\">\n\t<div class=\"fw-col-sm-12\">\n\t<div class=\"fw-col-inner\">\n\t\t<div class=\"fw-divider-space  space-md clearfix\"  ><\/div>\t<\/div>\n<\/div><\/div>\n\n<div class=\"fw-row\">\n\t<div class=\"fw-col-sm-4\">\n\t<div class=\"fw-col-inner\">\n\t\t\n\t\n\t\t<div class=\"fw-block-image-parent\" style=\"width: 100%;\">\n\t\t\t<span class=\"fw-block-image-child fw-ratio-3-4\">\n\t\t\t\t<noscript><img itemprop=\"image\" src=\"\/\/fg.bsg.tu-berlin.de\/wp-content\/uploads\/2018\/09\/Anfahrt-hoch-1.jpg\"  alt=\"Anfahrt hoch\" data-maxdpr=\"1.7\" class=\"lazyload\" \/><\/noscript><img src=\"data:image\/gif;base64,R0lGODlhAQABAIAAAAAAAP\/\/\/yH5BAEAAAAALAAAAAABAAEAAAIBRAA7\" data-sizes=\"auto\" data-srcset=\"\/\/fg.bsg.tu-berlin.de\/wp-content\/uploads\/2018\/09\/Anfahrt-hoch-1-225x300.jpg 225w, \/\/fg.bsg.tu-berlin.de\/wp-content\/uploads\/2018\/09\/Anfahrt-hoch-1-768x1024.jpg 768w, \/\/fg.bsg.tu-berlin.de\/wp-content\/uploads\/2018\/09\/Anfahrt-hoch-1-768x1024.jpg 768w, \/\/fg.bsg.tu-berlin.de\/wp-content\/uploads\/2018\/09\/Anfahrt-hoch-1.jpg 900w\"   alt=\"Anfahrt hoch\" data-maxdpr=\"1.7\" class=\"lazyload\" \/>\t\t\t<\/span>\n\t\t<\/div>\n\n\t\n\t<\/div>\n<\/div><div class=\"fw-col-sm-6\">\n\t<div class=\"fw-col-inner\">\n\t\t<div class=\"fw-text-box\">\n\t<div class=\"fw-text-inner\">\n\t\t<p><b>Anschrift:\n<\/b>\n<b>Fak. VI Planen, Bauen, Umwelt<\/b><\/p>\n<p>Fachgebiet Bau- und Stadtbaugeschichte<\/p>\n<p>Sekretariat A 22<\/p>\n<p>Stra\u00dfe des 17. Juni 152<\/p>\n<p>D-10623 Berlin<\/p>\n<p><b>Sekretariat:<\/b><\/p>\n<p>Gabriele B\u00f6hm<\/p>\n<p>Raum A 902<\/p>\n<p>Tel. +49 (0)30 - 314 21946<\/p>\n<p><a href=\"mailto:bsg-TB-info@win.tu-berlin.de\">bsg-TB-info@win.tu-berlin.de<\/a><\/p>\n\t<\/div>\n<\/div>\t<\/div>\n<\/div><div class=\"fw-col-sm-2\">\n\t<div class=\"fw-col-inner\">\n\t\t<div class=\"fw-text-box\">\n\t<div class=\"fw-text-inner\">\n\t\t<p><strong>\u00d6ffnungszeiten:<\/strong><\/p>\n<p><b>Mo:<\/b><\/p>\n<p>14 - 16 Uhr<\/p>\n<p><b>Social Media:<\/b><\/p>\n<p><a href=\"https:\/\/www.facebook.com\/FG.Baugeschichte\/\" target=\"_blank\" rel=\"noopener\">Facebook<\/a><\/p>\n<p><a href=\"https:\/\/www.instagram.com\/fg_bsg\/?hl=de\" target=\"_blank\" rel=\"noopener\">Instagram<\/a><\/p>\n\t<\/div>\n<\/div>\t<\/div>\n<\/div><\/div>\n\n\t<\/div>\n<\/section><section class=\"fw-main-row fw-section-no-padding\"\n\t\t style=\" \" >\n\t<div class=\"fw-container\">\n\t\t<div class=\"fw-row\">\n\t<div class=\"fw-col-sm-12\">\n\t<div class=\"fw-col-inner\">\n\t\t<div class=\"fw-divider-space  space-md clearfix\"  ><\/div>\t<\/div>\n<\/div><\/div>\n\n\t<\/div>\n<\/section><\/p>","protected":false},"excerpt":{"rendered":"<p>Anschrift: Fak. VI Planen, Bauen, Umwelt Fachgebiet Bau- und Stadtbaugeschichte Sekretariat A 22 Stra\u00dfe des 17. Juni 152 D-10623 Berlin Sekretariat: Gabriele B\u00f6hm Raum A 902 Tel. +49 (0)30 &#8211; 314 21946 bsg-TB-info@win.tu-berlin.de \u00d6ffnungszeiten: Mo: 14 &#8211; 16 Uhr Social Media: Facebook Instagram<\/p>","protected":false},"author":1,"featured_media":0,"parent":0,"menu_order":0,"comment_status":"closed","ping_status":"closed","template":"visual-builder-template.php","meta":[],"_links":{"self":[{"href":"https:\/\/fg.bsg.tu-berlin.de\/en\/wp-json\/wp\/v2\/pages\/136"}],"collection":[{"href":"https:\/\/fg.bsg.tu-berlin.de\/en\/wp-json\/wp\/v2\/pages"}],"about":[{"href":"https:\/\/fg.bsg.tu-berlin.de\/en\/wp-json\/wp\/v2\/types\/page"}],"author":[{"embeddable":true,"href":"https:\/\/fg.bsg.tu-berlin.de\/en\/wp-json\/wp\/v2\/users\/1"}],"replies":[{"embeddable":true,"href":"https:\/\/fg.bsg.tu-berlin.de\/en\/wp-json\/wp\/v2\/comments?post=136"}],"version-history":[{"count":32,"href":"https:\/\/fg.bsg.tu-berlin.de\/en\/wp-json\/wp\/v2\/pages\/136\/revisions"}],"predecessor-version":[{"id":2882,"href":"https:\/\/fg.bsg.tu-berlin.de\/en\/wp-json\/wp\/v2\/pages\/136\/revisions\/2882"}],"wp:attachment":[{"href":"https:\/\/fg.bsg.tu-berlin.de\/en\/wp-json\/wp\/v2\/media?parent=136"}],"curies":[{"name":"wp","href":"https:\/\/api.w.org\/{rel}","templated":true}]}}