{"id":135,"date":"2018-01-19T15:56:56","date_gmt":"2018-01-19T14:56:56","guid":{"rendered":"http:\/\/fg.bsg.tu-berlin.de\/?page_id=135"},"modified":"2018-10-11T11:33:11","modified_gmt":"2018-10-11T09:33:11","slug":"forschung","status":"publish","type":"page","link":"https:\/\/fg.bsg.tu-berlin.de\/en\/forschung\/","title":{"rendered":"Forschung"},"content":{"rendered":"<section class=\"fw-main-row fw-section-no-padding\"\n\t\t style=\" \" >\n\t<div class=\"fw-container\">\n\t\t<div class=\"fw-row\">\n\t<div class=\"fw-col-sm-12\">\n\t<div class=\"fw-col-inner\">\n\t\t<div class=\"fw-divider-space  space-sm clearfix\"  ><\/div>\t<\/div>\n<\/div><\/div>\n\n<div class=\"fw-row\">\n\t<div class=\"fw-col-sm-12\">\n\t<div class=\"fw-col-inner\">\n\t\t<div class=\"fw-shortcode-post-section\">\n\t\t<div class=\"latest-posts lp-type8 clearfix\">\n\t\t\t\t\t<div class=\"col-md-12\">\n\t\t\t\t<div class=\"lp-category-name-wrap\">\n\t\t\t\t\t<h2 class=\"lp-category-name\">Forschung<\/h2>\n\t\t\t\t<\/div>\n\t\t\t<\/div>\n\t\t\t\t<div class=\"lp-content clearfix\">\n\t\t\t\t\t\t\t<div class=\"col-md-4 col-sm-4 col-xs-6\">\n\t\t\t\t\t<div class=\"lp-item\">\n\t\t\t\t\t\t\t\t\t\t\t\t\t<a href=\"https:\/\/fg.bsg.tu-berlin.de\/en\/papiermodelle-der-qing-dynastie\/\" class=\"lp-all-content-wrap\">\n\t\t\t\t\t\t\t\t<img width=\"1200\" height=\"900\" src=\"https:\/\/fg.bsg.tu-berlin.de\/wp-content\/uploads\/2021\/12\/Mausoleum.jpg\" class=\"attachment-post-thumbnail size-post-thumbnail wp-post-image\" alt=\"\" loading=\"lazy\" srcset=\"https:\/\/fg.bsg.tu-berlin.de\/wp-content\/uploads\/2021\/12\/Mausoleum.jpg 1200w, https:\/\/fg.bsg.tu-berlin.de\/wp-content\/uploads\/2021\/12\/Mausoleum-300x225.jpg 300w, https:\/\/fg.bsg.tu-berlin.de\/wp-content\/uploads\/2021\/12\/Mausoleum-768x576.jpg 768w, https:\/\/fg.bsg.tu-berlin.de\/wp-content\/uploads\/2021\/12\/Mausoleum-16x12.jpg 16w, https:\/\/fg.bsg.tu-berlin.de\/wp-content\/uploads\/2021\/12\/Mausoleum-393x295.jpg 393w, https:\/\/fg.bsg.tu-berlin.de\/wp-content\/uploads\/2021\/12\/Mausoleum-786x590.jpg 786w\" sizes=\"(max-width: 1200px) 100vw, 1200px\" \/>\n\t\t\t\t\t\t\t\t<div class=\"lp-item-content\">\n\t\t\t\t\t\t\t\t\t<div class=\"fw-itable\">\n\t\t\t\t\t\t\t\t\t\t<div class=\"fw-icell\">\n\t\t\t\t\t\t\t\t\t\t\t<h4 class=\"lp-title\">Papiermodelle der Qing-Dynastie<\/h4>\n\t\t\t\t\t\t\t\t\t\t\t<div class=\"lp-text\">\n\t\t\t\t\t\t\t\t\t\t\t\t<p>Das Fachgebiet Bau- und Stadtbaugeschichte der TU Berlin ist beteiligt am Forschungsprojekt Von Beijing nach Berlin: Die neue \u201aMaterialit\u00e4t\u2018\u00a0chinesischer Architekturmodelle Untersuchung aus einer neuen \u201adinglichen (materiellen)\u2018\u00a0Perspektive von drei au\u00dfergew\u00f6hnlichen, aber bisher vergessenen Architekturmodellen (tangyang), die von der chinesischen Lei-Familie f\u00fcr die Qing-Kaiser vor mehr als einem Jahrhundert gefertigt wurden und sich heute in der Sammlung [\u2026]<\/p>\n\t\t\t\t\t\t\t\t\t\t\t<\/div>\n\t\t\t\t\t\t\t\t\t\t<\/div>\n\t\t\t\t\t\t\t\t\t<\/div>\n\t\t\t\t\t\t\t\t<\/div>\n\t\t\t\t\t\t\t<\/a>\n\t\t\t\t\t\t\t\t\t\t\t<\/div>\n\t\t\t\t<\/div>\n\t\t\t\t\t\t\t<div class=\"col-md-4 col-sm-4 col-xs-6\">\n\t\t\t\t\t<div class=\"lp-item\">\n\t\t\t\t\t\t\t\t\t\t\t\t\t<a href=\"https:\/\/fg.bsg.tu-berlin.de\/en\/wise-21-22-forschung-am-predigerkloster-erfurt\/\" class=\"lp-all-content-wrap\">\n\t\t\t\t\t\t\t\t<img width=\"2560\" height=\"1707\" src=\"https:\/\/fg.bsg.tu-berlin.de\/wp-content\/uploads\/2021\/10\/DSC_0982-min-scaled.jpg\" class=\"attachment-post-thumbnail size-post-thumbnail wp-post-image\" alt=\"\" loading=\"lazy\" srcset=\"https:\/\/fg.bsg.tu-berlin.de\/wp-content\/uploads\/2021\/10\/DSC_0982-min-scaled.jpg 2560w, https:\/\/fg.bsg.tu-berlin.de\/wp-content\/uploads\/2021\/10\/DSC_0982-min-300x200.jpg 300w, https:\/\/fg.bsg.tu-berlin.de\/wp-content\/uploads\/2021\/10\/DSC_0982-min-1200x800.jpg 1200w, https:\/\/fg.bsg.tu-berlin.de\/wp-content\/uploads\/2021\/10\/DSC_0982-min-768x512.jpg 768w, https:\/\/fg.bsg.tu-berlin.de\/wp-content\/uploads\/2021\/10\/DSC_0982-min-1536x1024.jpg 1536w, https:\/\/fg.bsg.tu-berlin.de\/wp-content\/uploads\/2021\/10\/DSC_0982-min-2048x1365.jpg 2048w, https:\/\/fg.bsg.tu-berlin.de\/wp-content\/uploads\/2021\/10\/DSC_0982-min-16x12.jpg 16w\" sizes=\"(max-width: 2560px) 100vw, 2560px\" \/>\n\t\t\t\t\t\t\t\t<div class=\"lp-item-content\">\n\t\t\t\t\t\t\t\t\t<div class=\"fw-itable\">\n\t\t\t\t\t\t\t\t\t\t<div class=\"fw-icell\">\n\t\t\t\t\t\t\t\t\t\t\t<h4 class=\"lp-title\">WiSe 21\/22 Forschung am Predigerkloster Erfurt<\/h4>\n\t\t\t\t\t\t\t\t\t\t\t<div class=\"lp-text\">\n\t\t\t\t\t\t\t\t\t\t\t\t<p>Das Erfurter Predigerkloster geh\u00f6rt zu den am besten erhalten mittelalterlichen Klosteranlagen der Dominikaner in Deutschland. Dennoch sind die Erkenntnisse zum Entwurf, zum Bauablauf und zur Ausstattung l\u00fcckenhaft. Im Rahmen eines Forschungsprojektes sollen einzelne Forschungsfragen gekl\u00e4rt werden, z.B. die Datierung des Chorgest\u00fchls, die Funktion als mittelalterlicher Studienort und die Beheizbarkeit des Kapitelsaals. Die Studierenden tragen zum [\u2026]<\/p>\n\t\t\t\t\t\t\t\t\t\t\t<\/div>\n\t\t\t\t\t\t\t\t\t\t<\/div>\n\t\t\t\t\t\t\t\t\t<\/div>\n\t\t\t\t\t\t\t\t<\/div>\n\t\t\t\t\t\t\t<\/a>\n\t\t\t\t\t\t\t\t\t\t\t<\/div>\n\t\t\t\t<\/div>\n\t\t\t\t\t\t\t<div class=\"col-md-4 col-sm-4 col-xs-6\">\n\t\t\t\t\t<div class=\"lp-item\">\n\t\t\t\t\t\t\t\t\t\t\t\t\t<a href=\"https:\/\/fg.bsg.tu-berlin.de\/en\/berliner-architektinnen-oral-history-2\/\" class=\"lp-all-content-wrap\">\n\t\t\t\t\t\t\t\t<img width=\"1200\" height=\"900\" src=\"https:\/\/fg.bsg.tu-berlin.de\/wp-content\/uploads\/2021\/06\/Berliner-Architektinnen-Oral-History-2021-page-002-3.jpg\" class=\"attachment-post-thumbnail size-post-thumbnail wp-post-image\" alt=\"\" loading=\"lazy\" srcset=\"https:\/\/fg.bsg.tu-berlin.de\/wp-content\/uploads\/2021\/06\/Berliner-Architektinnen-Oral-History-2021-page-002-3.jpg 1200w, https:\/\/fg.bsg.tu-berlin.de\/wp-content\/uploads\/2021\/06\/Berliner-Architektinnen-Oral-History-2021-page-002-3-300x225.jpg 300w, https:\/\/fg.bsg.tu-berlin.de\/wp-content\/uploads\/2021\/06\/Berliner-Architektinnen-Oral-History-2021-page-002-3-768x576.jpg 768w, https:\/\/fg.bsg.tu-berlin.de\/wp-content\/uploads\/2021\/06\/Berliner-Architektinnen-Oral-History-2021-page-002-3-16x12.jpg 16w, https:\/\/fg.bsg.tu-berlin.de\/wp-content\/uploads\/2021\/06\/Berliner-Architektinnen-Oral-History-2021-page-002-3-393x295.jpg 393w, https:\/\/fg.bsg.tu-berlin.de\/wp-content\/uploads\/2021\/06\/Berliner-Architektinnen-Oral-History-2021-page-002-3-786x590.jpg 786w\" sizes=\"(max-width: 1200px) 100vw, 1200px\" \/>\n\t\t\t\t\t\t\t\t<div class=\"lp-item-content\">\n\t\t\t\t\t\t\t\t\t<div class=\"fw-itable\">\n\t\t\t\t\t\t\t\t\t\t<div class=\"fw-icell\">\n\t\t\t\t\t\t\t\t\t\t\t<h4 class=\"lp-title\">Berliner Architekt*innen. Oral History<\/h4>\n\t\t\t\t\t\t\t\t\t\t\t<div class=\"lp-text\">\n\t\t\t\t\t\t\t\t\t\t\t\t<p>Publikation im Rahmen der Ausstellung [FRAU] ARCHITEKT*IN, 3. Juni \u2013 8. Juli 2021, Reuse-Pavillon, Berlin Wie gestalten Architektinnen ihre Berufswege?Auf welche Stereotypen und Diskriminierungen sto\u00dfen sie dabei nach wie vor? Wie ver\u00e4ndert sich das Berufsbild der Architektin und des Architekten durch die st\u00e4rker werdende Pr\u00e4senz von Frauen insgesamt, und wie viel gibt es noch zu [\u2026]<\/p>\n\t\t\t\t\t\t\t\t\t\t\t<\/div>\n\t\t\t\t\t\t\t\t\t\t<\/div>\n\t\t\t\t\t\t\t\t\t<\/div>\n\t\t\t\t\t\t\t\t<\/div>\n\t\t\t\t\t\t\t<\/a>\n\t\t\t\t\t\t\t\t\t\t\t<\/div>\n\t\t\t\t<\/div>\n\t\t\t\t\t\t\t<div class=\"col-md-4 col-sm-4 col-xs-6\">\n\t\t\t\t\t<div class=\"lp-item\">\n\t\t\t\t\t\t\t\t\t\t\t\t\t<a href=\"https:\/\/fg.bsg.tu-berlin.de\/en\/dfg-projekt-baureka-online\/\" class=\"lp-all-content-wrap\">\n\t\t\t\t\t\t\t\t<img width=\"1200\" height=\"900\" src=\"https:\/\/fg.bsg.tu-berlin.de\/wp-content\/uploads\/2021\/05\/baureka_logo_2-2.png\" class=\"attachment-post-thumbnail size-post-thumbnail wp-post-image\" alt=\"\" loading=\"lazy\" srcset=\"https:\/\/fg.bsg.tu-berlin.de\/wp-content\/uploads\/2021\/05\/baureka_logo_2-2.png 1200w, https:\/\/fg.bsg.tu-berlin.de\/wp-content\/uploads\/2021\/05\/baureka_logo_2-2-300x225.png 300w, https:\/\/fg.bsg.tu-berlin.de\/wp-content\/uploads\/2021\/05\/baureka_logo_2-2-768x576.png 768w, https:\/\/fg.bsg.tu-berlin.de\/wp-content\/uploads\/2021\/05\/baureka_logo_2-2-16x12.png 16w, https:\/\/fg.bsg.tu-berlin.de\/wp-content\/uploads\/2021\/05\/baureka_logo_2-2-393x295.png 393w, https:\/\/fg.bsg.tu-berlin.de\/wp-content\/uploads\/2021\/05\/baureka_logo_2-2-786x590.png 786w\" sizes=\"(max-width: 1200px) 100vw, 1200px\" \/>\n\t\t\t\t\t\t\t\t<div class=\"lp-item-content\">\n\t\t\t\t\t\t\t\t\t<div class=\"fw-itable\">\n\t\t\t\t\t\t\t\t\t\t<div class=\"fw-icell\">\n\t\t\t\t\t\t\t\t\t\t\t<h4 class=\"lp-title\">DFG-Projekt baureka-online<\/h4>\n\t\t\t\t\t\t\t\t\t\t\t<div class=\"lp-text\">\n\t\t\t\t\t\t\t\t\t\t\t\t<p>baureka.online \u2013 Forschungsdatenportal f\u00fcr die Historische Bauforschung Ziel des DFG-finanzierten Projekts baureka.online ist die Entwicklung einer \u00fcbergreifenden digitalen Plattform zur Vernetzung der Historischen Bauforschung. Als sach- und objektorientiertes Fach mit einer einzelne Projekte ins Zentrum stellenden Herangehensweise ist die Historische Bauforschung \u2013 trotz ihrer im Kontext des Object Turn neu bescheinigten methodischen Relevanz und trotz [\u2026]<\/p>\n\t\t\t\t\t\t\t\t\t\t\t<\/div>\n\t\t\t\t\t\t\t\t\t\t<\/div>\n\t\t\t\t\t\t\t\t\t<\/div>\n\t\t\t\t\t\t\t\t<\/div>\n\t\t\t\t\t\t\t<\/a>\n\t\t\t\t\t\t\t\t\t\t\t<\/div>\n\t\t\t\t<\/div>\n\t\t\t\t\t\t\t<div class=\"col-md-4 col-sm-4 col-xs-6\">\n\t\t\t\t\t<div class=\"lp-item\">\n\t\t\t\t\t\t\t\t\t\t\t\t\t<a href=\"https:\/\/fg.bsg.tu-berlin.de\/en\/das-haus-in-der-stadt-vor-1300\/\" class=\"lp-all-content-wrap\">\n\t\t\t\t\t\t\t\t<img width=\"1200\" height=\"900\" src=\"https:\/\/fg.bsg.tu-berlin.de\/wp-content\/uploads\/2020\/05\/Johannesstra\u00dfe.jpg\" class=\"attachment-post-thumbnail size-post-thumbnail wp-post-image\" alt=\"\" loading=\"lazy\" srcset=\"https:\/\/fg.bsg.tu-berlin.de\/wp-content\/uploads\/2020\/05\/Johannesstra\u00dfe.jpg 1200w, https:\/\/fg.bsg.tu-berlin.de\/wp-content\/uploads\/2020\/05\/Johannesstra\u00dfe-300x225.jpg 300w, https:\/\/fg.bsg.tu-berlin.de\/wp-content\/uploads\/2020\/05\/Johannesstra\u00dfe-768x576.jpg 768w, https:\/\/fg.bsg.tu-berlin.de\/wp-content\/uploads\/2020\/05\/Johannesstra\u00dfe-393x295.jpg 393w, https:\/\/fg.bsg.tu-berlin.de\/wp-content\/uploads\/2020\/05\/Johannesstra\u00dfe-786x590.jpg 786w\" sizes=\"(max-width: 1200px) 100vw, 1200px\" \/>\n\t\t\t\t\t\t\t\t<div class=\"lp-item-content\">\n\t\t\t\t\t\t\t\t\t<div class=\"fw-itable\">\n\t\t\t\t\t\t\t\t\t\t<div class=\"fw-icell\">\n\t\t\t\t\t\t\t\t\t\t\t<h4 class=\"lp-title\">Das Haus in der Stadt vor 1300\u00a0<\/h4>\n\t\t\t\t\t\t\t\t\t\t\t<div class=\"lp-text\">\n\t\t\t\t\t\t\t\t\t\t\t\t<p>Das Haus in der Stadt vor 1300\u00a0 Die Stadt ist eine zentrale, pr\u00e4gende Struktur der modernen europ\u00e4ischen Gesellschaft seit dem Hochmittelalter. Dazu ist aus Sicht der Rechts-, Wirtschafts- und Sozialgeschichte seit dem 19. Jahrhundert intensiv geforscht worden. Die nordalpine europ\u00e4ische Stadt als bauliche Struktur entwickelte sich im Wesentlichen im 12.\/ 13. Jahrhundert. Die \u00dcbersichtswerke zur [\u2026]<\/p>\n\t\t\t\t\t\t\t\t\t\t\t<\/div>\n\t\t\t\t\t\t\t\t\t\t<\/div>\n\t\t\t\t\t\t\t\t\t<\/div>\n\t\t\t\t\t\t\t\t<\/div>\n\t\t\t\t\t\t\t<\/a>\n\t\t\t\t\t\t\t\t\t\t\t<\/div>\n\t\t\t\t<\/div>\n\t\t\t\t\t\t\t<div class=\"col-md-4 col-sm-4 col-xs-6\">\n\t\t\t\t\t<div class=\"lp-item\">\n\t\t\t\t\t\t\t\t\t\t\t\t\t<a href=\"https:\/\/fg.bsg.tu-berlin.de\/en\/madinat-al-zahra%ca%be-kalifales-herrschaftsverstaendnis-und-die-entwicklung-westislamischer-palastarchitektur\/\" class=\"lp-all-content-wrap\">\n\t\t\t\t\t\t\t\t<img width=\"1200\" height=\"896\" src=\"https:\/\/fg.bsg.tu-berlin.de\/wp-content\/uploads\/2020\/04\/MaZ_Header_neu-1-e1616089056828.jpg\" class=\"attachment-post-thumbnail size-post-thumbnail wp-post-image\" alt=\"\" loading=\"lazy\" \/>\n\t\t\t\t\t\t\t\t<div class=\"lp-item-content\">\n\t\t\t\t\t\t\t\t\t<div class=\"fw-itable\">\n\t\t\t\t\t\t\t\t\t\t<div class=\"fw-icell\">\n\t\t\t\t\t\t\t\t\t\t\t<h4 class=\"lp-title\">Mad\u012bnat al-Zahr\u0101\u02be | \u201eEdificio Basilical Superior\u201c<\/h4>\n\t\t\t\t\t\t\t\t\t\t\t<div class=\"lp-text\">\n\t\t\t\t\t\t\t\t\t\t\t\t<p>Mad\u012bnat al-Zahr\u0101\u02be: Kalifales Herrschaftsverst\u00e4ndnis und die Entwicklung westislamischer Palastarchitektur Dr.-Ing. Heike Lehmann Mad\u012bnat al-Zahr\u0101\u02be: Die auf mehreren Terrassen angelegte Stadt liegt am Fu\u00df der Sierra Morena, nur wenige Kilometer von C\u00f3rdoba entfernt. Im Laufe des 20. Jahrhunderts wurde ein Teil des Palastbezirks ausgegraben, mehr als 90% der Gesamtstadtanlage liegen jedoch noch unter der Erde. (CC-BY-ND, [\u2026]<\/p>\n\t\t\t\t\t\t\t\t\t\t\t<\/div>\n\t\t\t\t\t\t\t\t\t\t<\/div>\n\t\t\t\t\t\t\t\t\t<\/div>\n\t\t\t\t\t\t\t\t<\/div>\n\t\t\t\t\t\t\t<\/a>\n\t\t\t\t\t\t\t\t\t\t\t<\/div>\n\t\t\t\t<\/div>\n\t\t\t\t\t<\/div>\n\t<\/div>\n<\/div>\t<\/div>\n<\/div><\/div>\n\n<div class=\"fw-row\">\n\t<div class=\"fw-col-sm-12\">\n\t<div class=\"fw-col-inner\">\n\t\t<div class=\"fw-divider-space  space-sm clearfix\"  ><\/div>\t<\/div>\n<\/div><\/div>\n\n<div class=\"fw-row\">\n\t<div class=\"fw-col-sm-12\">\n\t<div class=\"fw-col-inner\">\n\t\t<div class=\"fw-divider  fw-line-solid fw-divider-line space-md\"style=\" \" ><\/div>\n\t<\/div>\n<\/div><\/div>\n\n<div class=\"fw-row\">\n\t<div class=\"fw-col-sm-12\">\n\t<div class=\"fw-col-inner\">\n\t\t<div class=\"fw-divider-space  space-sm clearfix\"  ><\/div>\t<\/div>\n<\/div><\/div>\n\n<div class=\"fw-row\">\n\t<div class=\"fw-col-sm-4\">\n\t<div class=\"fw-col-inner\">\n\t\t\t<\/div>\n<\/div><div class=\"fw-col-sm-4\">\n\t<div class=\"fw-col-inner\">\n\t\t\n\t\t\t<div class=\"fw-block-image-parent fw-overlay-1 fw-block-image-icon\" style=\"width: 100%;\">\n\t\t\t<a class=\"fw-block-image-child  fw-ratio-4-3\"\n\t\t\t   href=\"http:\/\/fg.bsg.tu-berlin.de\/forschung\/forschung-archiv\/\" >\n\t\t\t\t<noscript><img itemprop=\"image\" src=\"\/\/fg.bsg.tu-berlin.de\/wp-content\/uploads\/2018\/06\/Archiv1.jpg\"  alt=\"Archiv1\" data-maxdpr=\"1.7\" class=\"lazyload\" \/><\/noscript><img src=\"data:image\/gif;base64,R0lGODlhAQABAIAAAAAAAP\/\/\/yH5BAEAAAAALAAAAAABAAEAAAIBRAA7\" data-sizes=\"auto\" data-srcset=\"\/\/fg.bsg.tu-berlin.de\/wp-content\/uploads\/2018\/06\/Archiv1-300x225.jpg 300w, \/\/fg.bsg.tu-berlin.de\/wp-content\/uploads\/2018\/06\/Archiv1-768x576.jpg 768w, \/\/fg.bsg.tu-berlin.de\/wp-content\/uploads\/2018\/06\/Archiv1-1024x768.jpg 1024w, \/\/fg.bsg.tu-berlin.de\/wp-content\/uploads\/2018\/06\/Archiv1-393x295.jpg 393w, \/\/fg.bsg.tu-berlin.de\/wp-content\/uploads\/2018\/06\/Archiv1-786x590.jpg 786w, \/\/fg.bsg.tu-berlin.de\/wp-content\/uploads\/2018\/06\/Archiv1.jpg 1200w\"   alt=\"Archiv1\" data-maxdpr=\"1.7\" class=\"lazyload\" \/>\t\t\t\t<div class=\"fw-block-image-overlay\">\n\t\t\t\t\t<div class=\"fw-itable\">\n\t\t\t\t\t\t<div class=\"fw-icell\">\n\t\t\t\t\t\t\t<i class=\"fw-icon-link\"><\/i>\n\t\t\t\t\t\t<\/div>\n\t\t\t\t\t<\/div>\n\t\t\t\t<\/div>\n\t\t\t<\/a>\n\t\t<\/div>\n\t\n<div class=\"fw-text-box\">\n\t<div class=\"fw-text-inner\">\n\t\t<h6 style=\"text-align: center;\">Forschung- Archiv<\/h6>\n\t<\/div>\n<\/div>\t<\/div>\n<\/div><div class=\"fw-col-sm-4\">\n\t<div class=\"fw-col-inner\">\n\t\t\t<\/div>\n<\/div><\/div>\n\n<div class=\"fw-row\">\n\t<div class=\"fw-col-sm-12\">\n\t<div class=\"fw-col-inner\">\n\t\t<div class=\"fw-divider-space  space-md clearfix\"  ><\/div>\t<\/div>\n<\/div><\/div>\n\n\t<\/div>\n<\/section>","protected":false},"excerpt":{"rendered":"<p>Mad\u012bnat al-Zahr\u0101\u02be: Kalifales Herrschaftsverst\u00e4ndnis und die Entwicklung westislamischer Palastarchitektur Dr.-Ing. Heike Lehmann Mad\u012bnat al-Zahr\u0101\u02be: Die auf mehreren Terrassen angelegte Stadt liegt am Fu\u00df der Sierra Morena, nur wenige Kilometer von C\u00f3rdoba entfernt. Im Laufe des 20. Jahrhunderts wurde ein Teil des Palastbezirks ausgegraben, mehr als 90% der Gesamtstadtanlage liegen jedoch noch unter der Erde. (CC-BY-ND, [&hellip;]<\/p>","protected":false},"author":1,"featured_media":0,"parent":0,"menu_order":0,"comment_status":"closed","ping_status":"closed","template":"visual-builder-template.php","meta":[],"_links":{"self":[{"href":"https:\/\/fg.bsg.tu-berlin.de\/en\/wp-json\/wp\/v2\/pages\/135"}],"collection":[{"href":"https:\/\/fg.bsg.tu-berlin.de\/en\/wp-json\/wp\/v2\/pages"}],"about":[{"href":"https:\/\/fg.bsg.tu-berlin.de\/en\/wp-json\/wp\/v2\/types\/page"}],"author":[{"embeddable":true,"href":"https:\/\/fg.bsg.tu-berlin.de\/en\/wp-json\/wp\/v2\/users\/1"}],"replies":[{"embeddable":true,"href":"https:\/\/fg.bsg.tu-berlin.de\/en\/wp-json\/wp\/v2\/comments?post=135"}],"version-history":[{"count":19,"href":"https:\/\/fg.bsg.tu-berlin.de\/en\/wp-json\/wp\/v2\/pages\/135\/revisions"}],"predecessor-version":[{"id":938,"href":"https:\/\/fg.bsg.tu-berlin.de\/en\/wp-json\/wp\/v2\/pages\/135\/revisions\/938"}],"wp:attachment":[{"href":"https:\/\/fg.bsg.tu-berlin.de\/en\/wp-json\/wp\/v2\/media?parent=135"}],"curies":[{"name":"wp","href":"https:\/\/api.w.org\/{rel}","templated":true}]}}